{"id":11261,"date":"2024-03-18T16:23:11","date_gmt":"2024-03-18T16:23:11","guid":{"rendered":"https:\/\/plaza54.com\/pagina\/?page_id=11261"},"modified":"2024-04-30T16:24:18","modified_gmt":"2024-04-30T16:24:18","slug":"identy","status":"publish","type":"page","link":"https:\/\/plaza54.com\/pagina\/identy\/","title":{"rendered":"Identy Odontolog\u00eda Integral"},"content":{"rendered":"<style type=\"text\/css\"> \n#cmsmasters_row_6a0904a2434f1 .cmsmasters_row_outer_parent { \n\tpadding-top: 50px; \n} \n\n#cmsmasters_row_6a0904a2434f1 .cmsmasters_row_outer_parent { \n\tpadding-bottom: 55px; \n} \n\n \n#cmsmasters_heading_6a0904a2437c8 { \n\ttext-align:left; \n\tmargin-top:45px; \n\tmargin-bottom:10px; \n} \n\n#cmsmasters_heading_6a0904a2437c8 .cmsmasters_heading { \n\ttext-align:left; \n} \n\n#cmsmasters_heading_6a0904a2437c8 .cmsmasters_heading, #cmsmasters_heading_6a0904a2437c8 .cmsmasters_heading a { \n\tfont-weight:700; \n\tfont-style:normal; \n} \n\n#cmsmasters_heading_6a0904a2437c8 .cmsmasters_heading_divider { \n} \n\n \n#cmsmasters_heading_6a0904a2437e6 { \n\ttext-align:left; \n\tmargin-top:0px; \n\tmargin-bottom:30px; \n} \n\n#cmsmasters_heading_6a0904a2437e6 .cmsmasters_heading { \n\ttext-align:left; \n} \n\n#cmsmasters_heading_6a0904a2437e6 .cmsmasters_heading, #cmsmasters_heading_6a0904a2437e6 .cmsmasters_heading a { \n\tfont-weight:normal; \n\tfont-style:normal; \n} \n\n#cmsmasters_heading_6a0904a2437e6 .cmsmasters_heading_divider { \n} \n\n \n#cmsmasters_heading_6a0904a2437fc { \n\ttext-align:left; \n\tmargin-top:0px; \n\tmargin-bottom:10px; \n} \n\n#cmsmasters_heading_6a0904a2437fc .cmsmasters_heading { \n\ttext-align:left; \n} \n\n#cmsmasters_heading_6a0904a2437fc .cmsmasters_heading, #cmsmasters_heading_6a0904a2437fc .cmsmasters_heading a { \n\tfont-weight:700; \n\tfont-style:normal; \n} \n\n#cmsmasters_heading_6a0904a2437fc .cmsmasters_heading_divider { \n} \n\n \n#cmsmasters_heading_6a0904a243828 { \n\ttext-align:left; \n\tmargin-top:0px; \n\tmargin-bottom:30px; \n} \n\n#cmsmasters_heading_6a0904a243828 .cmsmasters_heading { \n\ttext-align:left; \n} \n\n#cmsmasters_heading_6a0904a243828 .cmsmasters_heading, #cmsmasters_heading_6a0904a243828 .cmsmasters_heading a { \n\tfont-weight:normal; \n\tfont-style:normal; \n} \n\n#cmsmasters_heading_6a0904a243828 .cmsmasters_heading_divider { \n} \n\n \n#cmsmasters_heading_6a0904a24383f { \n\ttext-align:left; \n\tmargin-top:0px; \n\tmargin-bottom:30px; \n} \n\n#cmsmasters_heading_6a0904a24383f .cmsmasters_heading { \n\ttext-align:left; \n} \n\n#cmsmasters_heading_6a0904a24383f .cmsmasters_heading, #cmsmasters_heading_6a0904a24383f .cmsmasters_heading a { \n\tfont-weight:normal; \n\tfont-style:normal; \n} \n\n#cmsmasters_heading_6a0904a24383f .cmsmasters_heading_divider { \n} \n\n \n#cmsmasters_heading_6a0904a2438c8 { \n\ttext-align:center; \n\tmargin-top:0px; \n\tmargin-bottom:20px; \n} \n\n#cmsmasters_heading_6a0904a2438c8 .cmsmasters_heading { \n\ttext-align:center; \n} \n\n#cmsmasters_heading_6a0904a2438c8 .cmsmasters_heading, #cmsmasters_heading_6a0904a2438c8 .cmsmasters_heading a { \n\tfont-weight:normal; \n\tfont-style:normal; \n} \n\n#cmsmasters_heading_6a0904a2438c8 .cmsmasters_heading_divider { \n} \n\n \n#cmsmasters_divider_6a0904a2438e3 { \n\tborder-bottom-width:1px; \n\tborder-bottom-style:solid; \n\tpadding-top:0px; \n\tmargin-bottom:30px; \n} \n \n#cmsmasters_divider_6a0904a243922 { \n\tborder-bottom-width:0px; \n\tborder-bottom-style:solid; \n\tpadding-top:0px; \n\tmargin-bottom:20px; \n} \n\r\n\t\t\t\t#cmsmasters_gallery_6a0904a24393d .cmsmasters_gallery {\r\n\t\t\t\t\tmargin:0 0 0 -15px;\r\n\t\t\t\t}\r\n\t\t\t\t\r\n\t\t\t\t#cmsmasters_gallery_6a0904a24393d .cmsmasters_gallery .cmsmasters_gallery_item {\r\n\t\t\t\t\tpadding:0 0 15px 15px;\r\n\t\t\t\t}\r\n\t\t\t<\/style><div id=\"cmsmasters_row_6a0904a2434f1\" class=\"cmsmasters_row cmsmasters_color_scheme_default cmsmasters_row_top_default cmsmasters_row_bot_default cmsmasters_row_boxed\">\n<div class=\"cmsmasters_row_outer_parent\">\n<div class=\"cmsmasters_row_outer\">\n<div class=\"cmsmasters_row_inner\">\n<div class=\"cmsmasters_row_margin\">\n<div class=\"cmsmasters_column one_fourth\">\n<div class=\"aligncenter\">\n<div class=\"cmsmasters_img  cmsmasters_image_c\">\n<img decoding=\"async\" src=\"https:\/\/plaza54.com\/pagina\/wp-content\/uploads\/2024\/03\/identylogo-1.jpg\" alt=\"\" \/>\n<\/div>\n<\/div>\n\n<div id=\"cmsmasters_heading_6a0904a2437c8\" class=\"cmsmasters_heading_wrap cmsmasters_heading_align_left\">\n\t<h3 class=\"cmsmasters_heading\">Horario<\/h3>\n<\/div>\n<div id=\"cmsmasters_heading_6a0904a2437e6\" class=\"cmsmasters_heading_wrap cmsmasters_heading_align_left\">\n\t<h6 class=\"cmsmasters_heading\">Lunes a S\u00e1bado: 9:00 am a 7:00 pm<\/h6>\n<\/div>\n<div id=\"cmsmasters_heading_6a0904a2437fc\" class=\"cmsmasters_heading_wrap cmsmasters_heading_align_left\">\n\t<h3 class=\"cmsmasters_heading\">Contacto<\/h3>\n<\/div>\n<div id=\"cmsmasters_heading_6a0904a243828\" class=\"cmsmasters_heading_wrap cmsmasters_heading_align_left\">\n\t<h6 class=\"cmsmasters_heading\">310 7784045<\/h6>\n<\/div>\n<div id=\"cmsmasters_heading_6a0904a24383f\" class=\"cmsmasters_heading_wrap cmsmasters_heading_align_left\">\n\t<h6 class=\"cmsmasters_heading\">320 8624958<\/h6>\n<\/div>\n<\/div>\n<div class=\"cmsmasters_column three_fourth\">\n\n<div id=\"cmsmasters_heading_6a0904a2438c8\" class=\"cmsmasters_heading_wrap cmsmasters_heading_align_center\">\n\t<h2 class=\"cmsmasters_heading\">Indenty Odontolog\u00eda Integral &#8211; Locales 217 &#8211; 218<\/h2>\n<\/div>\n\n<div id=\"cmsmasters_divider_6a0904a2438e3\" class=\"cmsmasters_divider cmsmasters_divider_width_long cmsmasters_divider_pos_center\"><\/div>\n<div class=\"cmsmasters_text\">\n<div dir=\"auto\" style=\"text-align: center;\">\n<p style=\"text-align: left;\">En Identy te brindamos los mejores tratamientos de la mano de profesionales expertos. \u00a1Vis\u00edtanos y agenda tu cita! Te ofrecemos servicio de odontolog\u00eda general. est\u00e9tica dental, blanqueamiento, ortodoncia, rehabilitaci\u00f3n oral, implantes dentales, entre otros.<\/p>\n<\/div>\n<\/div>\n\n<div id=\"cmsmasters_divider_6a0904a243922\" class=\"cl\"><\/div>\n<div id=\"cmsmasters_gallery_6a0904a24393d\" class=\"cmsmasters_gallery_wrap\"><ul class=\"cmsmasters_gallery cmsmasters_3 cmsmasters_more_items_loader\"><li class=\"cmsmasters_gallery_item\"><figure><a href=\"https:\/\/plaza54.com\/pagina\/wp-content\/uploads\/2024\/04\/identy1.jpg\" rel=\"ilightbox[6a0904a24393d]\"><img loading=\"lazy\" decoding=\"async\" width=\"580\" height=\"375\" src=\"https:\/\/plaza54.com\/pagina\/wp-content\/uploads\/2024\/04\/identy1-580x375.jpg\" class=\"attachment-blog-masonry-thumb size-blog-masonry-thumb\" alt=\"\" srcset=\"https:\/\/plaza54.com\/pagina\/wp-content\/uploads\/2024\/04\/identy1-580x375.jpg 580w, https:\/\/plaza54.com\/pagina\/wp-content\/uploads\/2024\/04\/identy1-1160x750.jpg 1160w\" sizes=\"auto, (max-width: 580px) 100vw, 580px\" \/><\/a><\/figure><\/li><li class=\"cmsmasters_gallery_item\"><figure><a href=\"https:\/\/plaza54.com\/pagina\/wp-content\/uploads\/2024\/04\/identy2.jpg\" rel=\"ilightbox[6a0904a24393d]\"><img loading=\"lazy\" decoding=\"async\" width=\"580\" height=\"375\" src=\"https:\/\/plaza54.com\/pagina\/wp-content\/uploads\/2024\/04\/identy2-580x375.jpg\" class=\"attachment-blog-masonry-thumb size-blog-masonry-thumb\" alt=\"\" srcset=\"https:\/\/plaza54.com\/pagina\/wp-content\/uploads\/2024\/04\/identy2-580x375.jpg 580w, https:\/\/plaza54.com\/pagina\/wp-content\/uploads\/2024\/04\/identy2-1160x750.jpg 1160w\" sizes=\"auto, (max-width: 580px) 100vw, 580px\" \/><\/a><\/figure><\/li><li class=\"cmsmasters_gallery_item\"><figure><a href=\"https:\/\/plaza54.com\/pagina\/wp-content\/uploads\/2024\/04\/identy3.jpg\" rel=\"ilightbox[6a0904a24393d]\"><img loading=\"lazy\" decoding=\"async\" width=\"580\" height=\"375\" src=\"https:\/\/plaza54.com\/pagina\/wp-content\/uploads\/2024\/04\/identy3-580x375.jpg\" class=\"attachment-blog-masonry-thumb size-blog-masonry-thumb\" alt=\"\" srcset=\"https:\/\/plaza54.com\/pagina\/wp-content\/uploads\/2024\/04\/identy3-580x375.jpg 580w, https:\/\/plaza54.com\/pagina\/wp-content\/uploads\/2024\/04\/identy3-1160x750.jpg 1160w\" sizes=\"auto, (max-width: 580px) 100vw, 580px\" \/><\/a><\/figure><\/li><\/ul><script type=\"text\/javascript\">\r\n\t\t\t\tjQuery(document).ready(function () {\r\n\t\t\t\t\t(function ($) {\r\n\t\t\t\t\t\tif ($('#cmsmasters_gallery_6a0904a24393d').find('.cmsmasters_gallery_item').length == '0') {\r\n\t\t\t\t\t\t\treturn false;\r\n\t\t\t\t\t\t}\r\n\t\t\t\t\t\t\r\n\t\t\t\t\t\t\r\n\t\t\t\t\t\tstartGallery( \r\n\t\t\t\t\t\t\t'6a0904a24393d', \r\n\t\t\t\t\t\t\t'grid', \r\n\t\t\t\t\t\t\t'false', \r\n\t\t\t\t\t\t\t'false' \r\n\t\t\t\t\t\t);\r\n\t\t\t\t\t} )(jQuery);\r\n\t\t\t\t} );\r\n\t\t\t<\/script>\r\n\t\t\t<\/div>\n<\/div>\n<\/div>\n<\/div>\n<\/div>\n<\/div>\n<\/div>\n\n","protected":false},"excerpt":{"rendered":"","protected":false},"author":1,"featured_media":0,"parent":0,"menu_order":0,"comment_status":"closed","ping_status":"closed","template":"","meta":{"footnotes":""},"class_list":["post-11261","page","type-page","status-publish","hentry"],"_links":{"self":[{"href":"https:\/\/plaza54.com\/pagina\/wp-json\/wp\/v2\/pages\/11261","targetHints":{"allow":["GET"]}}],"collection":[{"href":"https:\/\/plaza54.com\/pagina\/wp-json\/wp\/v2\/pages"}],"about":[{"href":"https:\/\/plaza54.com\/pagina\/wp-json\/wp\/v2\/types\/page"}],"author":[{"embeddable":true,"href":"https:\/\/plaza54.com\/pagina\/wp-json\/wp\/v2\/users\/1"}],"replies":[{"embeddable":true,"href":"https:\/\/plaza54.com\/pagina\/wp-json\/wp\/v2\/comments?post=11261"}],"version-history":[{"count":8,"href":"https:\/\/plaza54.com\/pagina\/wp-json\/wp\/v2\/pages\/11261\/revisions"}],"predecessor-version":[{"id":11296,"href":"https:\/\/plaza54.com\/pagina\/wp-json\/wp\/v2\/pages\/11261\/revisions\/11296"}],"wp:attachment":[{"href":"https:\/\/plaza54.com\/pagina\/wp-json\/wp\/v2\/media?parent=11261"}],"curies":[{"name":"wp","href":"https:\/\/api.w.org\/{rel}","templated":true}]}}