{"id":9509,"date":"2018-08-06T21:25:18","date_gmt":"2018-08-06T21:25:18","guid":{"rendered":"http:\/\/plaza54.com\/pagina\/?page_id=9509"},"modified":"2024-04-30T17:22:05","modified_gmt":"2024-04-30T17:22:05","slug":"opo","status":"publish","type":"page","link":"https:\/\/plaza54.com\/pagina\/opo\/","title":{"rendered":"Opo Tienda de Caf\u00e9"},"content":{"rendered":"<style type=\"text\/css\"> \n#cmsmasters_row_6a0904a1bec86 .cmsmasters_row_outer_parent { \n\tpadding-top: 50px; \n} \n\n#cmsmasters_row_6a0904a1bec86 .cmsmasters_row_outer_parent { \n\tpadding-bottom: 55px; \n} \n\n \n#cmsmasters_heading_6a0904a1bef8e { \n\ttext-align:left; \n\tmargin-top:45px; \n\tmargin-bottom:10px; \n} \n\n#cmsmasters_heading_6a0904a1bef8e .cmsmasters_heading { \n\ttext-align:left; \n} \n\n#cmsmasters_heading_6a0904a1bef8e .cmsmasters_heading, #cmsmasters_heading_6a0904a1bef8e .cmsmasters_heading a { \n\tfont-weight:700; \n\tfont-style:normal; \n} \n\n#cmsmasters_heading_6a0904a1bef8e .cmsmasters_heading_divider { \n} \n\n \n#cmsmasters_heading_6a0904a1befaf { \n\ttext-align:left; \n\tmargin-top:0px; \n\tmargin-bottom:30px; \n} \n\n#cmsmasters_heading_6a0904a1befaf .cmsmasters_heading { \n\ttext-align:left; \n} \n\n#cmsmasters_heading_6a0904a1befaf .cmsmasters_heading, #cmsmasters_heading_6a0904a1befaf .cmsmasters_heading a { \n\tfont-weight:normal; \n\tfont-style:normal; \n} \n\n#cmsmasters_heading_6a0904a1befaf .cmsmasters_heading_divider { \n} \n\n \n#cmsmasters_heading_6a0904a1befc7 { \n\ttext-align:left; \n\tmargin-top:0px; \n\tmargin-bottom:30px; \n} \n\n#cmsmasters_heading_6a0904a1befc7 .cmsmasters_heading { \n\ttext-align:left; \n} \n\n#cmsmasters_heading_6a0904a1befc7 .cmsmasters_heading, #cmsmasters_heading_6a0904a1befc7 .cmsmasters_heading a { \n\tfont-weight:normal; \n\tfont-style:normal; \n} \n\n#cmsmasters_heading_6a0904a1befc7 .cmsmasters_heading_divider { \n} \n\n \n#cmsmasters_heading_6a0904a1befdd { \n\ttext-align:left; \n\tmargin-top:0px; \n\tmargin-bottom:10px; \n} \n\n#cmsmasters_heading_6a0904a1befdd .cmsmasters_heading { \n\ttext-align:left; \n} \n\n#cmsmasters_heading_6a0904a1befdd .cmsmasters_heading, #cmsmasters_heading_6a0904a1befdd .cmsmasters_heading a { \n\tfont-weight:700; \n\tfont-style:normal; \n} \n\n#cmsmasters_heading_6a0904a1befdd .cmsmasters_heading_divider { \n} \n\n \n#cmsmasters_heading_6a0904a1beff1 { \n\ttext-align:left; \n\tmargin-top:0px; \n\tmargin-bottom:30px; \n} \n\n#cmsmasters_heading_6a0904a1beff1 .cmsmasters_heading { \n\ttext-align:left; \n} \n\n#cmsmasters_heading_6a0904a1beff1 .cmsmasters_heading, #cmsmasters_heading_6a0904a1beff1 .cmsmasters_heading a { \n\tfont-weight:normal; \n\tfont-style:normal; \n} \n\n#cmsmasters_heading_6a0904a1beff1 .cmsmasters_heading_divider { \n} \n\n \n#cmsmasters_heading_6a0904a1bf07b { \n\ttext-align:center; \n\tmargin-top:0px; \n\tmargin-bottom:20px; \n} \n\n#cmsmasters_heading_6a0904a1bf07b .cmsmasters_heading { \n\ttext-align:center; \n} \n\n#cmsmasters_heading_6a0904a1bf07b .cmsmasters_heading, #cmsmasters_heading_6a0904a1bf07b .cmsmasters_heading a { \n\tfont-weight:normal; \n\tfont-style:normal; \n} \n\n#cmsmasters_heading_6a0904a1bf07b .cmsmasters_heading_divider { \n} \n\n \n#cmsmasters_divider_6a0904a1bf0bf { \n\tborder-bottom-width:1px; \n\tborder-bottom-style:solid; \n\tpadding-top:0px; \n\tmargin-bottom:30px; \n} \n \n#cmsmasters_divider_6a0904a1bf116 { \n\tborder-bottom-width:0px; \n\tborder-bottom-style:solid; \n\tpadding-top:0px; \n\tmargin-bottom:20px; \n} \n\r\n\t\t\t\t#cmsmasters_gallery_6a0904a1bf133 .cmsmasters_gallery {\r\n\t\t\t\t\tmargin:0 0 0 -15px;\r\n\t\t\t\t}\r\n\t\t\t\t\r\n\t\t\t\t#cmsmasters_gallery_6a0904a1bf133 .cmsmasters_gallery .cmsmasters_gallery_item {\r\n\t\t\t\t\tpadding:0 0 15px 15px;\r\n\t\t\t\t}\r\n\t\t\t<\/style><div id=\"cmsmasters_row_6a0904a1bec86\" class=\"cmsmasters_row cmsmasters_color_scheme_default cmsmasters_row_top_default cmsmasters_row_bot_default cmsmasters_row_boxed\">\n<div class=\"cmsmasters_row_outer_parent\">\n<div class=\"cmsmasters_row_outer\">\n<div class=\"cmsmasters_row_inner\">\n<div class=\"cmsmasters_row_margin\">\n<div class=\"cmsmasters_column one_fourth\">\n<div class=\"cmsmasters_img  cmsmasters_image_n\">\n<img decoding=\"async\" src=\"https:\/\/plaza54.com\/pagina\/wp-content\/uploads\/2018\/08\/opo.jpg\" alt=\"\" \/>\n<\/div>\n\n<div id=\"cmsmasters_heading_6a0904a1bef8e\" class=\"cmsmasters_heading_wrap cmsmasters_heading_align_left\">\n\t<h3 class=\"cmsmasters_heading\">Horario<\/h3>\n<\/div>\n<div id=\"cmsmasters_heading_6a0904a1befaf\" class=\"cmsmasters_heading_wrap cmsmasters_heading_align_left\">\n\t<h6 class=\"cmsmasters_heading\">Lunes a Viernes: 6:00 am a 7:00 pm<\/h6>\n<\/div>\n<div id=\"cmsmasters_heading_6a0904a1befc7\" class=\"cmsmasters_heading_wrap cmsmasters_heading_align_left\">\n\t<h6 class=\"cmsmasters_heading\">S\u00e1bados: 7:00 am a 4:00 pm<\/h6>\n<\/div>\n<div id=\"cmsmasters_heading_6a0904a1befdd\" class=\"cmsmasters_heading_wrap cmsmasters_heading_align_left\">\n\t<h3 class=\"cmsmasters_heading\">Contacto<\/h3>\n<\/div>\n<div id=\"cmsmasters_heading_6a0904a1beff1\" class=\"cmsmasters_heading_wrap cmsmasters_heading_align_left\">\n\t<h6 class=\"cmsmasters_heading\">317 7668978<\/h6>\n<\/div>\n<\/div>\n<div class=\"cmsmasters_column three_fourth\">\n\n<div id=\"cmsmasters_heading_6a0904a1bf07b\" class=\"cmsmasters_heading_wrap cmsmasters_heading_align_center\">\n\t<h2 class=\"cmsmasters_heading\">Opo Tienda de Caf\u00e9 &#8211; Local 225<\/h2>\n<\/div>\n\n<div id=\"cmsmasters_divider_6a0904a1bf0bf\" class=\"cmsmasters_divider cmsmasters_divider_width_long cmsmasters_divider_pos_center\"><\/div>\n<div class=\"cmsmasters_text\">\n<p>Desde 1939 nuestros clientes disfrutan la mejor tienda de caf\u00e9 en Bogot\u00e1.<\/p>\n<p>Contamos con deliciosos productos de pasteler\u00eda que son la combinaci\u00f3n perfecta con nuestro suave y delicioso caf\u00e9.<\/p>\n<\/div>\n\n<div id=\"cmsmasters_divider_6a0904a1bf116\" class=\"cl\"><\/div>\n<div id=\"cmsmasters_gallery_6a0904a1bf133\" class=\"cmsmasters_gallery_wrap\"><ul class=\"cmsmasters_gallery cmsmasters_3 cmsmasters_more_items_loader\"><li class=\"cmsmasters_gallery_item\"><figure><a href=\"https:\/\/plaza54.com\/pagina\/wp-content\/uploads\/2024\/04\/opo1.jpg\" rel=\"ilightbox[6a0904a1bf133]\"><img loading=\"lazy\" decoding=\"async\" width=\"580\" height=\"375\" src=\"https:\/\/plaza54.com\/pagina\/wp-content\/uploads\/2024\/04\/opo1-580x375.jpg\" class=\"attachment-blog-masonry-thumb size-blog-masonry-thumb\" alt=\"\" srcset=\"https:\/\/plaza54.com\/pagina\/wp-content\/uploads\/2024\/04\/opo1-580x375.jpg 580w, https:\/\/plaza54.com\/pagina\/wp-content\/uploads\/2024\/04\/opo1-1160x750.jpg 1160w\" sizes=\"auto, (max-width: 580px) 100vw, 580px\" \/><\/a><\/figure><\/li><li class=\"cmsmasters_gallery_item\"><figure><a href=\"https:\/\/plaza54.com\/pagina\/wp-content\/uploads\/2024\/04\/opo2.jpg\" rel=\"ilightbox[6a0904a1bf133]\"><img loading=\"lazy\" decoding=\"async\" width=\"580\" height=\"375\" src=\"https:\/\/plaza54.com\/pagina\/wp-content\/uploads\/2024\/04\/opo2-580x375.jpg\" class=\"attachment-blog-masonry-thumb size-blog-masonry-thumb\" alt=\"\" srcset=\"https:\/\/plaza54.com\/pagina\/wp-content\/uploads\/2024\/04\/opo2-580x375.jpg 580w, https:\/\/plaza54.com\/pagina\/wp-content\/uploads\/2024\/04\/opo2-1160x750.jpg 1160w\" sizes=\"auto, (max-width: 580px) 100vw, 580px\" \/><\/a><\/figure><\/li><li class=\"cmsmasters_gallery_item\"><figure><a href=\"https:\/\/plaza54.com\/pagina\/wp-content\/uploads\/2024\/04\/opo3.jpg\" rel=\"ilightbox[6a0904a1bf133]\"><img loading=\"lazy\" decoding=\"async\" width=\"580\" height=\"375\" src=\"https:\/\/plaza54.com\/pagina\/wp-content\/uploads\/2024\/04\/opo3-580x375.jpg\" class=\"attachment-blog-masonry-thumb size-blog-masonry-thumb\" alt=\"\" srcset=\"https:\/\/plaza54.com\/pagina\/wp-content\/uploads\/2024\/04\/opo3-580x375.jpg 580w, https:\/\/plaza54.com\/pagina\/wp-content\/uploads\/2024\/04\/opo3-1160x750.jpg 1160w\" sizes=\"auto, (max-width: 580px) 100vw, 580px\" \/><\/a><\/figure><\/li><\/ul><script type=\"text\/javascript\">\r\n\t\t\t\tjQuery(document).ready(function () {\r\n\t\t\t\t\t(function ($) {\r\n\t\t\t\t\t\tif ($('#cmsmasters_gallery_6a0904a1bf133').find('.cmsmasters_gallery_item').length == '0') {\r\n\t\t\t\t\t\t\treturn false;\r\n\t\t\t\t\t\t}\r\n\t\t\t\t\t\t\r\n\t\t\t\t\t\t\r\n\t\t\t\t\t\tstartGallery( \r\n\t\t\t\t\t\t\t'6a0904a1bf133', \r\n\t\t\t\t\t\t\t'grid', \r\n\t\t\t\t\t\t\t'false', \r\n\t\t\t\t\t\t\t'false' \r\n\t\t\t\t\t\t);\r\n\t\t\t\t\t} )(jQuery);\r\n\t\t\t\t} );\r\n\t\t\t<\/script>\r\n\t\t\t<\/div>\n<\/div>\n<\/div>\n<\/div>\n<\/div>\n<\/div>\n<\/div>\n\n","protected":false},"excerpt":{"rendered":"","protected":false},"author":1,"featured_media":0,"parent":0,"menu_order":0,"comment_status":"closed","ping_status":"closed","template":"","meta":{"footnotes":""},"class_list":["post-9509","page","type-page","status-publish","hentry"],"_links":{"self":[{"href":"https:\/\/plaza54.com\/pagina\/wp-json\/wp\/v2\/pages\/9509","targetHints":{"allow":["GET"]}}],"collection":[{"href":"https:\/\/plaza54.com\/pagina\/wp-json\/wp\/v2\/pages"}],"about":[{"href":"https:\/\/plaza54.com\/pagina\/wp-json\/wp\/v2\/types\/page"}],"author":[{"embeddable":true,"href":"https:\/\/plaza54.com\/pagina\/wp-json\/wp\/v2\/users\/1"}],"replies":[{"embeddable":true,"href":"https:\/\/plaza54.com\/pagina\/wp-json\/wp\/v2\/comments?post=9509"}],"version-history":[{"count":12,"href":"https:\/\/plaza54.com\/pagina\/wp-json\/wp\/v2\/pages\/9509\/revisions"}],"predecessor-version":[{"id":11315,"href":"https:\/\/plaza54.com\/pagina\/wp-json\/wp\/v2\/pages\/9509\/revisions\/11315"}],"wp:attachment":[{"href":"https:\/\/plaza54.com\/pagina\/wp-json\/wp\/v2\/media?parent=9509"}],"curies":[{"name":"wp","href":"https:\/\/api.w.org\/{rel}","templated":true}]}}