{"id":9528,"date":"2018-08-08T16:58:41","date_gmt":"2018-08-08T16:58:41","guid":{"rendered":"http:\/\/plaza54.com\/pagina\/?page_id=9528"},"modified":"2019-01-04T09:46:34","modified_gmt":"2019-01-04T09:46:34","slug":"zaty-store","status":"publish","type":"page","link":"https:\/\/plaza54.com\/pagina\/zaty-store\/","title":{"rendered":"Zaty Store"},"content":{"rendered":"<style type=\"text\/css\"> \n#cmsmasters_row_6a090488e12a5 .cmsmasters_row_outer_parent { \n\tpadding-top: 50px; \n} \n\n#cmsmasters_row_6a090488e12a5 .cmsmasters_row_outer_parent { \n\tpadding-bottom: 55px; \n} \n\n \n#cmsmasters_heading_6a090488e1562 { \n\ttext-align:left; \n\tmargin-top:45px; \n\tmargin-bottom:10px; \n} \n\n#cmsmasters_heading_6a090488e1562 .cmsmasters_heading { \n\ttext-align:left; \n} \n\n#cmsmasters_heading_6a090488e1562 .cmsmasters_heading, #cmsmasters_heading_6a090488e1562 .cmsmasters_heading a { \n\tfont-weight:700; \n\tfont-style:normal; \n} \n\n#cmsmasters_heading_6a090488e1562 .cmsmasters_heading_divider { \n} \n\n \n#cmsmasters_heading_6a090488e157f { \n\ttext-align:left; \n\tmargin-top:0px; \n\tmargin-bottom:30px; \n} \n\n#cmsmasters_heading_6a090488e157f .cmsmasters_heading { \n\ttext-align:left; \n} \n\n#cmsmasters_heading_6a090488e157f .cmsmasters_heading, #cmsmasters_heading_6a090488e157f .cmsmasters_heading a { \n\tfont-weight:normal; \n\tfont-style:normal; \n} \n\n#cmsmasters_heading_6a090488e157f .cmsmasters_heading_divider { \n} \n\n \n#cmsmasters_heading_6a090488e1596 { \n\ttext-align:left; \n\tmargin-top:0px; \n\tmargin-bottom:30px; \n} \n\n#cmsmasters_heading_6a090488e1596 .cmsmasters_heading { \n\ttext-align:left; \n} \n\n#cmsmasters_heading_6a090488e1596 .cmsmasters_heading, #cmsmasters_heading_6a090488e1596 .cmsmasters_heading a { \n\tfont-weight:normal; \n\tfont-style:normal; \n} \n\n#cmsmasters_heading_6a090488e1596 .cmsmasters_heading_divider { \n} \n\n \n#cmsmasters_heading_6a090488e15ac { \n\ttext-align:left; \n\tmargin-top:0px; \n\tmargin-bottom:10px; \n} \n\n#cmsmasters_heading_6a090488e15ac .cmsmasters_heading { \n\ttext-align:left; \n} \n\n#cmsmasters_heading_6a090488e15ac .cmsmasters_heading, #cmsmasters_heading_6a090488e15ac .cmsmasters_heading a { \n\tfont-weight:700; \n\tfont-style:normal; \n} \n\n#cmsmasters_heading_6a090488e15ac .cmsmasters_heading_divider { \n} \n\n \n#cmsmasters_heading_6a090488e15c0 { \n\ttext-align:left; \n\tmargin-top:0px; \n\tmargin-bottom:30px; \n} \n\n#cmsmasters_heading_6a090488e15c0 .cmsmasters_heading { \n\ttext-align:left; \n} \n\n#cmsmasters_heading_6a090488e15c0 .cmsmasters_heading, #cmsmasters_heading_6a090488e15c0 .cmsmasters_heading a { \n\tfont-weight:normal; \n\tfont-style:normal; \n} \n\n#cmsmasters_heading_6a090488e15c0 .cmsmasters_heading_divider { \n} \n\n \n#cmsmasters_heading_6a090488e15d3 { \n\ttext-align:left; \n\tmargin-top:0px; \n\tmargin-bottom:10px; \n} \n\n#cmsmasters_heading_6a090488e15d3 .cmsmasters_heading { \n\ttext-align:left; \n} \n\n#cmsmasters_heading_6a090488e15d3 .cmsmasters_heading, #cmsmasters_heading_6a090488e15d3 .cmsmasters_heading a { \n\tfont-weight:700; \n\tfont-style:normal; \n} \n\n#cmsmasters_heading_6a090488e15d3 .cmsmasters_heading_divider { \n} \n\n \n#cmsmasters_heading_6a090488e15e9 { \n\ttext-align:left; \n\tmargin-top:0px; \n\tmargin-bottom:50px; \n} \n\n#cmsmasters_heading_6a090488e15e9 .cmsmasters_heading { \n\ttext-align:left; \n} \n\n#cmsmasters_heading_6a090488e15e9 .cmsmasters_heading, #cmsmasters_heading_6a090488e15e9 .cmsmasters_heading a { \n\tfont-weight:normal; \n\tfont-style:normal; \n} \n\n#cmsmasters_heading_6a090488e15e9 .cmsmasters_heading_divider { \n} \n\n \n#cmsmasters_heading_6a090488e1667 { \n\ttext-align:center; \n\tmargin-top:0px; \n\tmargin-bottom:20px; \n} \n\n#cmsmasters_heading_6a090488e1667 .cmsmasters_heading { \n\ttext-align:center; \n} \n\n#cmsmasters_heading_6a090488e1667 .cmsmasters_heading, #cmsmasters_heading_6a090488e1667 .cmsmasters_heading a { \n\tfont-weight:normal; \n\tfont-style:normal; \n} \n\n#cmsmasters_heading_6a090488e1667 .cmsmasters_heading_divider { \n} \n\n \n#cmsmasters_divider_6a090488e1682 { \n\tborder-bottom-width:1px; \n\tborder-bottom-style:solid; \n\tpadding-top:0px; \n\tmargin-bottom:30px; \n} \n \n#cmsmasters_divider_6a090488e16bc { \n\tborder-bottom-width:0px; \n\tborder-bottom-style:solid; \n\tpadding-top:0px; \n\tmargin-bottom:20px; \n} \n\r\n\t\t\t\t#cmsmasters_gallery_6a090488e16d6 .cmsmasters_gallery {\r\n\t\t\t\t\tmargin:0 0 0 -15px;\r\n\t\t\t\t}\r\n\t\t\t\t\r\n\t\t\t\t#cmsmasters_gallery_6a090488e16d6 .cmsmasters_gallery .cmsmasters_gallery_item {\r\n\t\t\t\t\tpadding:0 0 15px 15px;\r\n\t\t\t\t}\r\n\t\t\t<\/style><div id=\"cmsmasters_row_6a090488e12a5\" class=\"cmsmasters_row cmsmasters_color_scheme_default cmsmasters_row_top_default cmsmasters_row_bot_default cmsmasters_row_boxed\">\n<div class=\"cmsmasters_row_outer_parent\">\n<div class=\"cmsmasters_row_outer\">\n<div class=\"cmsmasters_row_inner\">\n<div class=\"cmsmasters_row_margin\">\n<div class=\"cmsmasters_column one_fourth\">\n<div class=\"cmsmasters_img  cmsmasters_image_n\">\n<img decoding=\"async\" src=\"https:\/\/plaza54.com\/pagina\/wp-content\/uploads\/2018\/08\/zatystore.jpg\" alt=\"\" \/>\n<\/div>\n\n<div id=\"cmsmasters_heading_6a090488e1562\" class=\"cmsmasters_heading_wrap cmsmasters_heading_align_left\">\n\t<h3 class=\"cmsmasters_heading\">Horario<\/h3>\n<\/div>\n<div id=\"cmsmasters_heading_6a090488e157f\" class=\"cmsmasters_heading_wrap cmsmasters_heading_align_left\">\n\t<h6 class=\"cmsmasters_heading\">Lunes a S\u00e1bado: 10:00 am a 8:00 pm<\/h6>\n<\/div>\n<div id=\"cmsmasters_heading_6a090488e1596\" class=\"cmsmasters_heading_wrap cmsmasters_heading_align_left\">\n\t<h6 class=\"cmsmasters_heading\">Domingos y festivos: 12:00 am a 7:00 pm<\/h6>\n<\/div>\n<div id=\"cmsmasters_heading_6a090488e15ac\" class=\"cmsmasters_heading_wrap cmsmasters_heading_align_left\">\n\t<h3 class=\"cmsmasters_heading\">Contacto<\/h3>\n<\/div>\n<div id=\"cmsmasters_heading_6a090488e15c0\" class=\"cmsmasters_heading_wrap cmsmasters_heading_align_left\">\n\t<h6 class=\"cmsmasters_heading\">2170136<\/h6>\n<\/div>\n<div id=\"cmsmasters_heading_6a090488e15d3\" class=\"cmsmasters_heading_wrap cmsmasters_heading_align_left\">\n\t<h3 class=\"cmsmasters_heading\">P\u00e1gina Web<\/h3>\n<\/div>\n<div id=\"cmsmasters_heading_6a090488e15e9\" class=\"cmsmasters_heading_wrap cmsmasters_heading_align_left\">\n\t<h6 class=\"cmsmasters_heading\"><a href=\"https:\/\/www.facebook.com\/Zatystoreag\/\">www.facebook.com\/Zatystoreag\/<\/a><\/h6>\n<\/div>\n<\/div>\n<div class=\"cmsmasters_column three_fourth\">\n\n<div id=\"cmsmasters_heading_6a090488e1667\" class=\"cmsmasters_heading_wrap cmsmasters_heading_align_center\">\n\t<h2 class=\"cmsmasters_heading\">Zaty Store &#8211; Local 106 <\/h2>\n<\/div>\n\n<div id=\"cmsmasters_divider_6a090488e1682\" class=\"cmsmasters_divider cmsmasters_divider_width_long cmsmasters_divider_pos_center\"><\/div>\n<div class=\"cmsmasters_text\">\n<p>Es una empresa colombiana dedicada al dise\u00f1o y confecci\u00f3n de prendas femeninas para diferentes ocasiones por m\u00e1s de 20 a\u00f1os.<\/p>\n<\/div>\n\n<div id=\"cmsmasters_divider_6a090488e16bc\" class=\"cl\"><\/div>\n<div id=\"cmsmasters_gallery_6a090488e16d6\" class=\"cmsmasters_gallery_wrap\"><ul class=\"cmsmasters_gallery cmsmasters_3 cmsmasters_more_items_loader\"><li class=\"cmsmasters_gallery_item\"><figure><a href=\"https:\/\/plaza54.com\/pagina\/wp-content\/uploads\/2018\/08\/zaty1.jpg\" rel=\"ilightbox[6a090488e16d6]\"><img loading=\"lazy\" decoding=\"async\" width=\"580\" height=\"375\" src=\"https:\/\/plaza54.com\/pagina\/wp-content\/uploads\/2018\/08\/zaty1-580x375.jpg\" class=\"attachment-blog-masonry-thumb size-blog-masonry-thumb\" alt=\"\" srcset=\"https:\/\/plaza54.com\/pagina\/wp-content\/uploads\/2018\/08\/zaty1-580x375.jpg 580w, https:\/\/plaza54.com\/pagina\/wp-content\/uploads\/2018\/08\/zaty1-1160x750.jpg 1160w\" sizes=\"auto, (max-width: 580px) 100vw, 580px\" \/><\/a><\/figure><\/li><li class=\"cmsmasters_gallery_item\"><figure><a href=\"https:\/\/plaza54.com\/pagina\/wp-content\/uploads\/2018\/08\/zaty2.jpg\" rel=\"ilightbox[6a090488e16d6]\"><img loading=\"lazy\" decoding=\"async\" width=\"580\" height=\"375\" src=\"https:\/\/plaza54.com\/pagina\/wp-content\/uploads\/2018\/08\/zaty2-580x375.jpg\" class=\"attachment-blog-masonry-thumb size-blog-masonry-thumb\" alt=\"\" srcset=\"https:\/\/plaza54.com\/pagina\/wp-content\/uploads\/2018\/08\/zaty2-580x375.jpg 580w, https:\/\/plaza54.com\/pagina\/wp-content\/uploads\/2018\/08\/zaty2-1160x750.jpg 1160w\" sizes=\"auto, (max-width: 580px) 100vw, 580px\" \/><\/a><\/figure><\/li><li class=\"cmsmasters_gallery_item\"><figure><a href=\"https:\/\/plaza54.com\/pagina\/wp-content\/uploads\/2018\/08\/zaty3.jpg\" rel=\"ilightbox[6a090488e16d6]\"><img loading=\"lazy\" decoding=\"async\" width=\"580\" height=\"375\" src=\"https:\/\/plaza54.com\/pagina\/wp-content\/uploads\/2018\/08\/zaty3-580x375.jpg\" class=\"attachment-blog-masonry-thumb size-blog-masonry-thumb\" alt=\"\" srcset=\"https:\/\/plaza54.com\/pagina\/wp-content\/uploads\/2018\/08\/zaty3-580x375.jpg 580w, https:\/\/plaza54.com\/pagina\/wp-content\/uploads\/2018\/08\/zaty3-1160x750.jpg 1160w\" sizes=\"auto, (max-width: 580px) 100vw, 580px\" \/><\/a><\/figure><\/li><\/ul><script type=\"text\/javascript\">\r\n\t\t\t\tjQuery(document).ready(function () {\r\n\t\t\t\t\t(function ($) {\r\n\t\t\t\t\t\tif ($('#cmsmasters_gallery_6a090488e16d6').find('.cmsmasters_gallery_item').length == '0') {\r\n\t\t\t\t\t\t\treturn false;\r\n\t\t\t\t\t\t}\r\n\t\t\t\t\t\t\r\n\t\t\t\t\t\t\r\n\t\t\t\t\t\tstartGallery( \r\n\t\t\t\t\t\t\t'6a090488e16d6', \r\n\t\t\t\t\t\t\t'grid', \r\n\t\t\t\t\t\t\t'false', \r\n\t\t\t\t\t\t\t'false' \r\n\t\t\t\t\t\t);\r\n\t\t\t\t\t} )(jQuery);\r\n\t\t\t\t} );\r\n\t\t\t<\/script>\r\n\t\t\t<\/div>\n<\/div>\n<\/div>\n<\/div>\n<\/div>\n<\/div>\n<\/div>\n\n","protected":false},"excerpt":{"rendered":"","protected":false},"author":1,"featured_media":0,"parent":0,"menu_order":0,"comment_status":"closed","ping_status":"closed","template":"","meta":{"footnotes":""},"class_list":["post-9528","page","type-page","status-publish","hentry"],"_links":{"self":[{"href":"https:\/\/plaza54.com\/pagina\/wp-json\/wp\/v2\/pages\/9528","targetHints":{"allow":["GET"]}}],"collection":[{"href":"https:\/\/plaza54.com\/pagina\/wp-json\/wp\/v2\/pages"}],"about":[{"href":"https:\/\/plaza54.com\/pagina\/wp-json\/wp\/v2\/types\/page"}],"author":[{"embeddable":true,"href":"https:\/\/plaza54.com\/pagina\/wp-json\/wp\/v2\/users\/1"}],"replies":[{"embeddable":true,"href":"https:\/\/plaza54.com\/pagina\/wp-json\/wp\/v2\/comments?post=9528"}],"version-history":[{"count":7,"href":"https:\/\/plaza54.com\/pagina\/wp-json\/wp\/v2\/pages\/9528\/revisions"}],"predecessor-version":[{"id":10681,"href":"https:\/\/plaza54.com\/pagina\/wp-json\/wp\/v2\/pages\/9528\/revisions\/10681"}],"wp:attachment":[{"href":"https:\/\/plaza54.com\/pagina\/wp-json\/wp\/v2\/media?parent=9528"}],"curies":[{"name":"wp","href":"https:\/\/api.w.org\/{rel}","templated":true}]}}