{"id":9616,"date":"2018-08-09T14:30:11","date_gmt":"2018-08-09T14:30:11","guid":{"rendered":"http:\/\/plaza54.com\/pagina\/?page_id=9616"},"modified":"2024-08-30T21:01:51","modified_gmt":"2024-08-30T21:01:51","slug":"qvoptica","status":"publish","type":"page","link":"https:\/\/plaza54.com\/pagina\/qvoptica\/","title":{"rendered":"QV \u00d3ptica"},"content":{"rendered":"<style type=\"text\/css\"> \n#cmsmasters_row_6a0904879870b .cmsmasters_row_outer_parent { \n\tpadding-top: 50px; \n} \n\n#cmsmasters_row_6a0904879870b .cmsmasters_row_outer_parent { \n\tpadding-bottom: 55px; \n} \n\n \n#cmsmasters_heading_6a090487989f3 { \n\ttext-align:left; \n\tmargin-top:45px; \n\tmargin-bottom:10px; \n} \n\n#cmsmasters_heading_6a090487989f3 .cmsmasters_heading { \n\ttext-align:left; \n} \n\n#cmsmasters_heading_6a090487989f3 .cmsmasters_heading, #cmsmasters_heading_6a090487989f3 .cmsmasters_heading a { \n\tfont-weight:700; \n\tfont-style:normal; \n} \n\n#cmsmasters_heading_6a090487989f3 .cmsmasters_heading_divider { \n} \n\n \n#cmsmasters_heading_6a09048798a11 { \n\ttext-align:left; \n\tmargin-top:0px; \n\tmargin-bottom:30px; \n} \n\n#cmsmasters_heading_6a09048798a11 .cmsmasters_heading { \n\ttext-align:left; \n} \n\n#cmsmasters_heading_6a09048798a11 .cmsmasters_heading, #cmsmasters_heading_6a09048798a11 .cmsmasters_heading a { \n\tfont-weight:normal; \n\tfont-style:normal; \n} \n\n#cmsmasters_heading_6a09048798a11 .cmsmasters_heading_divider { \n} \n\n \n#cmsmasters_heading_6a09048798a28 { \n\ttext-align:left; \n\tmargin-top:0px; \n\tmargin-bottom:10px; \n} \n\n#cmsmasters_heading_6a09048798a28 .cmsmasters_heading { \n\ttext-align:left; \n} \n\n#cmsmasters_heading_6a09048798a28 .cmsmasters_heading, #cmsmasters_heading_6a09048798a28 .cmsmasters_heading a { \n\tfont-weight:700; \n\tfont-style:normal; \n} \n\n#cmsmasters_heading_6a09048798a28 .cmsmasters_heading_divider { \n} \n\n \n#cmsmasters_heading_6a09048798a3e { \n\ttext-align:left; \n\tmargin-top:0px; \n\tmargin-bottom:30px; \n} \n\n#cmsmasters_heading_6a09048798a3e .cmsmasters_heading { \n\ttext-align:left; \n} \n\n#cmsmasters_heading_6a09048798a3e .cmsmasters_heading, #cmsmasters_heading_6a09048798a3e .cmsmasters_heading a { \n\tfont-weight:normal; \n\tfont-style:normal; \n} \n\n#cmsmasters_heading_6a09048798a3e .cmsmasters_heading_divider { \n} \n\n \n#cmsmasters_heading_6a09048798ab9 { \n\ttext-align:center; \n\tmargin-top:0px; \n\tmargin-bottom:20px; \n} \n\n#cmsmasters_heading_6a09048798ab9 .cmsmasters_heading { \n\ttext-align:center; \n} \n\n#cmsmasters_heading_6a09048798ab9 .cmsmasters_heading, #cmsmasters_heading_6a09048798ab9 .cmsmasters_heading a { \n\tfont-weight:normal; \n\tfont-style:normal; \n} \n\n#cmsmasters_heading_6a09048798ab9 .cmsmasters_heading_divider { \n} \n\n \n#cmsmasters_divider_6a09048798ad4 { \n\tborder-bottom-width:1px; \n\tborder-bottom-style:solid; \n\tpadding-top:0px; \n\tmargin-bottom:30px; \n} \n \n#cmsmasters_divider_6a09048798b0f { \n\tborder-bottom-width:0px; \n\tborder-bottom-style:solid; \n\tpadding-top:0px; \n\tmargin-bottom:20px; \n} \n\r\n\t\t\t\t#cmsmasters_gallery_6a09048798b29 .cmsmasters_gallery {\r\n\t\t\t\t\tmargin:0 0 0 -15px;\r\n\t\t\t\t}\r\n\t\t\t\t\r\n\t\t\t\t#cmsmasters_gallery_6a09048798b29 .cmsmasters_gallery .cmsmasters_gallery_item {\r\n\t\t\t\t\tpadding:0 0 15px 15px;\r\n\t\t\t\t}\r\n\t\t\t<\/style><div id=\"cmsmasters_row_6a0904879870b\" class=\"cmsmasters_row cmsmasters_color_scheme_default cmsmasters_row_top_default cmsmasters_row_bot_default cmsmasters_row_boxed\">\n<div class=\"cmsmasters_row_outer_parent\">\n<div class=\"cmsmasters_row_outer\">\n<div class=\"cmsmasters_row_inner\">\n<div class=\"cmsmasters_row_margin\">\n<div class=\"cmsmasters_column one_fourth\">\n<div class=\"aligncenter\">\n<div class=\"cmsmasters_img  cmsmasters_image_c\">\n<img decoding=\"async\" src=\"https:\/\/plaza54.com\/pagina\/wp-content\/uploads\/2024\/08\/logoqvoptica.jpg\" alt=\"\" \/>\n<\/div>\n<\/div>\n\n<div id=\"cmsmasters_heading_6a090487989f3\" class=\"cmsmasters_heading_wrap cmsmasters_heading_align_left\">\n\t<h3 class=\"cmsmasters_heading\">Horario<\/h3>\n<\/div>\n<div id=\"cmsmasters_heading_6a09048798a11\" class=\"cmsmasters_heading_wrap cmsmasters_heading_align_left\">\n\t<h6 class=\"cmsmasters_heading\">Lunes a S\u00e1bado: 9:00 am a 7:00 pm<\/h6>\n<\/div>\n<div id=\"cmsmasters_heading_6a09048798a28\" class=\"cmsmasters_heading_wrap cmsmasters_heading_align_left\">\n\t<h3 class=\"cmsmasters_heading\">Contacto<\/h3>\n<\/div>\n<div id=\"cmsmasters_heading_6a09048798a3e\" class=\"cmsmasters_heading_wrap cmsmasters_heading_align_left\">\n\t<h6 class=\"cmsmasters_heading\">313 3107320<\/h6>\n<\/div>\n<\/div>\n<div class=\"cmsmasters_column three_fourth\">\n\n<div id=\"cmsmasters_heading_6a09048798ab9\" class=\"cmsmasters_heading_wrap cmsmasters_heading_align_center\">\n\t<h2 class=\"cmsmasters_heading\">QV \u00d3ptica &#8211; Local 224 <\/h2>\n<\/div>\n\n<div id=\"cmsmasters_divider_6a09048798ad4\" class=\"cmsmasters_divider cmsmasters_divider_width_long cmsmasters_divider_pos_center\"><\/div>\n<div class=\"cmsmasters_text\">\n<p>Somos un nuevo concepto de \u00d3ptica, donde podr\u00e1s encontrar los mejores dise\u00f1os en marcos para tus gafas, y las mejores marcas , nuestros lentes son de alta tecnolog\u00eda.<\/p>\n<\/div>\n\n<div id=\"cmsmasters_divider_6a09048798b0f\" class=\"cl\"><\/div>\n<div id=\"cmsmasters_gallery_6a09048798b29\" class=\"cmsmasters_gallery_wrap\"><ul class=\"cmsmasters_gallery cmsmasters_3 cmsmasters_more_items_loader\"><li class=\"cmsmasters_gallery_item\"><figure><a href=\"https:\/\/plaza54.com\/pagina\/wp-content\/uploads\/2021\/07\/oavila1.jpg\" rel=\"ilightbox[6a09048798b29]\"><img loading=\"lazy\" decoding=\"async\" width=\"580\" height=\"375\" src=\"https:\/\/plaza54.com\/pagina\/wp-content\/uploads\/2021\/07\/oavila1-580x375.jpg\" class=\"attachment-blog-masonry-thumb size-blog-masonry-thumb\" alt=\"\" srcset=\"https:\/\/plaza54.com\/pagina\/wp-content\/uploads\/2021\/07\/oavila1-580x375.jpg 580w, https:\/\/plaza54.com\/pagina\/wp-content\/uploads\/2021\/07\/oavila1-1160x750.jpg 1160w\" sizes=\"auto, (max-width: 580px) 100vw, 580px\" \/><\/a><\/figure><\/li><li class=\"cmsmasters_gallery_item\"><figure><a href=\"https:\/\/plaza54.com\/pagina\/wp-content\/uploads\/2021\/07\/oavila2.jpg\" rel=\"ilightbox[6a09048798b29]\"><img loading=\"lazy\" decoding=\"async\" width=\"580\" height=\"375\" src=\"https:\/\/plaza54.com\/pagina\/wp-content\/uploads\/2021\/07\/oavila2-580x375.jpg\" class=\"attachment-blog-masonry-thumb size-blog-masonry-thumb\" alt=\"\" srcset=\"https:\/\/plaza54.com\/pagina\/wp-content\/uploads\/2021\/07\/oavila2-580x375.jpg 580w, https:\/\/plaza54.com\/pagina\/wp-content\/uploads\/2021\/07\/oavila2-1160x750.jpg 1160w\" sizes=\"auto, (max-width: 580px) 100vw, 580px\" \/><\/a><\/figure><\/li><li class=\"cmsmasters_gallery_item\"><figure><a href=\"https:\/\/plaza54.com\/pagina\/wp-content\/uploads\/2021\/07\/oavila3.jpg\" rel=\"ilightbox[6a09048798b29]\"><img loading=\"lazy\" decoding=\"async\" width=\"580\" height=\"375\" src=\"https:\/\/plaza54.com\/pagina\/wp-content\/uploads\/2021\/07\/oavila3-580x375.jpg\" class=\"attachment-blog-masonry-thumb size-blog-masonry-thumb\" alt=\"\" srcset=\"https:\/\/plaza54.com\/pagina\/wp-content\/uploads\/2021\/07\/oavila3-580x375.jpg 580w, https:\/\/plaza54.com\/pagina\/wp-content\/uploads\/2021\/07\/oavila3-1160x750.jpg 1160w\" sizes=\"auto, (max-width: 580px) 100vw, 580px\" \/><\/a><\/figure><\/li><\/ul><script type=\"text\/javascript\">\r\n\t\t\t\tjQuery(document).ready(function () {\r\n\t\t\t\t\t(function ($) {\r\n\t\t\t\t\t\tif ($('#cmsmasters_gallery_6a09048798b29').find('.cmsmasters_gallery_item').length == '0') {\r\n\t\t\t\t\t\t\treturn false;\r\n\t\t\t\t\t\t}\r\n\t\t\t\t\t\t\r\n\t\t\t\t\t\t\r\n\t\t\t\t\t\tstartGallery( \r\n\t\t\t\t\t\t\t'6a09048798b29', \r\n\t\t\t\t\t\t\t'grid', \r\n\t\t\t\t\t\t\t'false', \r\n\t\t\t\t\t\t\t'false' \r\n\t\t\t\t\t\t);\r\n\t\t\t\t\t} )(jQuery);\r\n\t\t\t\t} );\r\n\t\t\t<\/script>\r\n\t\t\t<\/div>\n<\/div>\n<\/div>\n<\/div>\n<\/div>\n<\/div>\n<\/div>\n\n","protected":false},"excerpt":{"rendered":"","protected":false},"author":1,"featured_media":0,"parent":0,"menu_order":0,"comment_status":"closed","ping_status":"closed","template":"","meta":{"footnotes":""},"class_list":["post-9616","page","type-page","status-publish","hentry"],"_links":{"self":[{"href":"https:\/\/plaza54.com\/pagina\/wp-json\/wp\/v2\/pages\/9616","targetHints":{"allow":["GET"]}}],"collection":[{"href":"https:\/\/plaza54.com\/pagina\/wp-json\/wp\/v2\/pages"}],"about":[{"href":"https:\/\/plaza54.com\/pagina\/wp-json\/wp\/v2\/types\/page"}],"author":[{"embeddable":true,"href":"https:\/\/plaza54.com\/pagina\/wp-json\/wp\/v2\/users\/1"}],"replies":[{"embeddable":true,"href":"https:\/\/plaza54.com\/pagina\/wp-json\/wp\/v2\/comments?post=9616"}],"version-history":[{"count":20,"href":"https:\/\/plaza54.com\/pagina\/wp-json\/wp\/v2\/pages\/9616\/revisions"}],"predecessor-version":[{"id":11330,"href":"https:\/\/plaza54.com\/pagina\/wp-json\/wp\/v2\/pages\/9616\/revisions\/11330"}],"wp:attachment":[{"href":"https:\/\/plaza54.com\/pagina\/wp-json\/wp\/v2\/media?parent=9616"}],"curies":[{"name":"wp","href":"https:\/\/api.w.org\/{rel}","templated":true}]}}