{"id":9619,"date":"2018-08-09T14:32:36","date_gmt":"2018-08-09T14:32:36","guid":{"rendered":"http:\/\/plaza54.com\/pagina\/?page_id=9619"},"modified":"2019-01-09T18:59:49","modified_gmt":"2019-01-09T18:59:49","slug":"mania-comics","status":"publish","type":"page","link":"https:\/\/plaza54.com\/pagina\/mania-comics\/","title":{"rendered":"Mania Comics"},"content":{"rendered":"<style type=\"text\/css\"> \n#cmsmasters_row_6a09049707f41 .cmsmasters_row_outer_parent { \n\tpadding-top: 50px; \n} \n\n#cmsmasters_row_6a09049707f41 .cmsmasters_row_outer_parent { \n\tpadding-bottom: 55px; \n} \n\n \n#cmsmasters_heading_6a090497081e7 { \n\ttext-align:left; \n\tmargin-top:45px; \n\tmargin-bottom:10px; \n} \n\n#cmsmasters_heading_6a090497081e7 .cmsmasters_heading { \n\ttext-align:left; \n} \n\n#cmsmasters_heading_6a090497081e7 .cmsmasters_heading, #cmsmasters_heading_6a090497081e7 .cmsmasters_heading a { \n\tfont-weight:700; \n\tfont-style:normal; \n} \n\n#cmsmasters_heading_6a090497081e7 .cmsmasters_heading_divider { \n} \n\n \n#cmsmasters_heading_6a09049708205 { \n\ttext-align:left; \n\tmargin-top:0px; \n\tmargin-bottom:30px; \n} \n\n#cmsmasters_heading_6a09049708205 .cmsmasters_heading { \n\ttext-align:left; \n} \n\n#cmsmasters_heading_6a09049708205 .cmsmasters_heading, #cmsmasters_heading_6a09049708205 .cmsmasters_heading a { \n\tfont-weight:normal; \n\tfont-style:normal; \n} \n\n#cmsmasters_heading_6a09049708205 .cmsmasters_heading_divider { \n} \n\n \n#cmsmasters_heading_6a0904970821c { \n\ttext-align:left; \n\tmargin-top:0px; \n\tmargin-bottom:30px; \n} \n\n#cmsmasters_heading_6a0904970821c .cmsmasters_heading { \n\ttext-align:left; \n} \n\n#cmsmasters_heading_6a0904970821c .cmsmasters_heading, #cmsmasters_heading_6a0904970821c .cmsmasters_heading a { \n\tfont-weight:normal; \n\tfont-style:normal; \n} \n\n#cmsmasters_heading_6a0904970821c .cmsmasters_heading_divider { \n} \n\n \n#cmsmasters_heading_6a09049708231 { \n\ttext-align:left; \n\tmargin-top:0px; \n\tmargin-bottom:10px; \n} \n\n#cmsmasters_heading_6a09049708231 .cmsmasters_heading { \n\ttext-align:left; \n} \n\n#cmsmasters_heading_6a09049708231 .cmsmasters_heading, #cmsmasters_heading_6a09049708231 .cmsmasters_heading a { \n\tfont-weight:700; \n\tfont-style:normal; \n} \n\n#cmsmasters_heading_6a09049708231 .cmsmasters_heading_divider { \n} \n\n \n#cmsmasters_heading_6a09049708245 { \n\ttext-align:left; \n\tmargin-top:0px; \n\tmargin-bottom:30px; \n} \n\n#cmsmasters_heading_6a09049708245 .cmsmasters_heading { \n\ttext-align:left; \n} \n\n#cmsmasters_heading_6a09049708245 .cmsmasters_heading, #cmsmasters_heading_6a09049708245 .cmsmasters_heading a { \n\tfont-weight:normal; \n\tfont-style:normal; \n} \n\n#cmsmasters_heading_6a09049708245 .cmsmasters_heading_divider { \n} \n\n \n#cmsmasters_heading_6a09049708259 { \n\ttext-align:left; \n\tmargin-top:0px; \n\tmargin-bottom:10px; \n} \n\n#cmsmasters_heading_6a09049708259 .cmsmasters_heading { \n\ttext-align:left; \n} \n\n#cmsmasters_heading_6a09049708259 .cmsmasters_heading, #cmsmasters_heading_6a09049708259 .cmsmasters_heading a { \n\tfont-weight:700; \n\tfont-style:normal; \n} \n\n#cmsmasters_heading_6a09049708259 .cmsmasters_heading_divider { \n} \n\n \n#cmsmasters_heading_6a0904970826e { \n\ttext-align:left; \n\tmargin-top:0px; \n\tmargin-bottom:50px; \n} \n\n#cmsmasters_heading_6a0904970826e .cmsmasters_heading { \n\ttext-align:left; \n} \n\n#cmsmasters_heading_6a0904970826e .cmsmasters_heading, #cmsmasters_heading_6a0904970826e .cmsmasters_heading a { \n\tfont-weight:normal; \n\tfont-style:normal; \n} \n\n#cmsmasters_heading_6a0904970826e .cmsmasters_heading_divider { \n} \n\n \n#cmsmasters_heading_6a09049708304 { \n\ttext-align:center; \n\tmargin-top:0px; \n\tmargin-bottom:20px; \n} \n\n#cmsmasters_heading_6a09049708304 .cmsmasters_heading { \n\ttext-align:center; \n} \n\n#cmsmasters_heading_6a09049708304 .cmsmasters_heading, #cmsmasters_heading_6a09049708304 .cmsmasters_heading a { \n\tfont-weight:normal; \n\tfont-style:normal; \n} \n\n#cmsmasters_heading_6a09049708304 .cmsmasters_heading_divider { \n} \n\n \n#cmsmasters_divider_6a0904970831f { \n\tborder-bottom-width:1px; \n\tborder-bottom-style:solid; \n\tpadding-top:0px; \n\tmargin-bottom:30px; \n} \n \n#cmsmasters_divider_6a09049708360 { \n\tborder-bottom-width:0px; \n\tborder-bottom-style:solid; \n\tpadding-top:0px; \n\tmargin-bottom:20px; \n} \n\r\n\t\t\t\t#cmsmasters_gallery_6a0904970837a .cmsmasters_gallery {\r\n\t\t\t\t\tmargin:0 0 0 -15px;\r\n\t\t\t\t}\r\n\t\t\t\t\r\n\t\t\t\t#cmsmasters_gallery_6a0904970837a .cmsmasters_gallery .cmsmasters_gallery_item {\r\n\t\t\t\t\tpadding:0 0 15px 15px;\r\n\t\t\t\t}\r\n\t\t\t<\/style><div id=\"cmsmasters_row_6a09049707f41\" class=\"cmsmasters_row cmsmasters_color_scheme_default cmsmasters_row_top_default cmsmasters_row_bot_default cmsmasters_row_boxed\">\n<div class=\"cmsmasters_row_outer_parent\">\n<div class=\"cmsmasters_row_outer\">\n<div class=\"cmsmasters_row_inner\">\n<div class=\"cmsmasters_row_margin\">\n<div class=\"cmsmasters_column one_fourth\">\n<div class=\"cmsmasters_img  cmsmasters_image_n\">\n<img decoding=\"async\" src=\"https:\/\/plaza54.com\/pagina\/wp-content\/uploads\/2018\/08\/maniacomics.jpg\" alt=\"\" \/>\n<\/div>\n\n<div id=\"cmsmasters_heading_6a090497081e7\" class=\"cmsmasters_heading_wrap cmsmasters_heading_align_left\">\n\t<h3 class=\"cmsmasters_heading\">Horario<\/h3>\n<\/div>\n<div id=\"cmsmasters_heading_6a09049708205\" class=\"cmsmasters_heading_wrap cmsmasters_heading_align_left\">\n\t<h6 class=\"cmsmasters_heading\">Lunes a S\u00e1bado: 10:00 am a 7:30 pm<\/h6>\n<\/div>\n<div id=\"cmsmasters_heading_6a0904970821c\" class=\"cmsmasters_heading_wrap cmsmasters_heading_align_left\">\n\t<h6 class=\"cmsmasters_heading\">Domingos: 12:00 pm a 5:00 pm<\/h6>\n<\/div>\n<div id=\"cmsmasters_heading_6a09049708231\" class=\"cmsmasters_heading_wrap cmsmasters_heading_align_left\">\n\t<h3 class=\"cmsmasters_heading\">Contacto<\/h3>\n<\/div>\n<div id=\"cmsmasters_heading_6a09049708245\" class=\"cmsmasters_heading_wrap cmsmasters_heading_align_left\">\n\t<h6 class=\"cmsmasters_heading\">6965927 &#8211; 322 2003800<\/h6>\n<\/div>\n<div id=\"cmsmasters_heading_6a09049708259\" class=\"cmsmasters_heading_wrap cmsmasters_heading_align_left\">\n\t<h3 class=\"cmsmasters_heading\">P\u00e1gina Web<\/h3>\n<\/div>\n<div id=\"cmsmasters_heading_6a0904970826e\" class=\"cmsmasters_heading_wrap cmsmasters_heading_align_left\">\n\t<h6 class=\"cmsmasters_heading\"><a href=\"http:\/\/www.maniacomics.com\/\">www.maniacomics.com<\/a><\/h6>\n<\/div>\n<\/div>\n<div class=\"cmsmasters_column three_fourth\">\n\n<div id=\"cmsmasters_heading_6a09049708304\" class=\"cmsmasters_heading_wrap cmsmasters_heading_align_center\">\n\t<h2 class=\"cmsmasters_heading\">Mania Comics &#8211; Local 215<\/h2>\n<\/div>\n\n<div id=\"cmsmasters_divider_6a0904970831f\" class=\"cmsmasters_divider cmsmasters_divider_width_long cmsmasters_divider_pos_center\"><\/div>\n<div class=\"cmsmasters_text\">\n<p>Somos una tienda que brinda emociones, experiencias \u00fanicas a sus clientes y visitantes, a nivel nacional; ofreci\u00e9ndoles productos de alta calidad, permiti\u00e9ndoles viajar en el tiempo, al recordarles a sus personajes favoritos de la infancia y acerc\u00e1ndolos a los personajes de actualidad entorno al Mundo Geek y del entretenimiento.<\/p>\n<p>No importa la edad, g\u00e9nero y cultura urbana a la que pertenezcan nuestros clientes y visitantes, todos coinciden en decir algo sobre Maniacomics:\u00a0 *WOW*&#8221;<\/p>\n<\/div>\n\n<div id=\"cmsmasters_divider_6a09049708360\" class=\"cl\"><\/div>\n<div id=\"cmsmasters_gallery_6a0904970837a\" class=\"cmsmasters_gallery_wrap\"><ul class=\"cmsmasters_gallery cmsmasters_3 cmsmasters_more_items_loader\"><li class=\"cmsmasters_gallery_item\"><figure><a href=\"https:\/\/plaza54.com\/pagina\/wp-content\/uploads\/2018\/08\/maniacomics1.jpg\" rel=\"ilightbox[6a0904970837a]\"><img loading=\"lazy\" decoding=\"async\" width=\"580\" height=\"375\" src=\"https:\/\/plaza54.com\/pagina\/wp-content\/uploads\/2018\/08\/maniacomics1-580x375.jpg\" class=\"attachment-blog-masonry-thumb size-blog-masonry-thumb\" alt=\"\" srcset=\"https:\/\/plaza54.com\/pagina\/wp-content\/uploads\/2018\/08\/maniacomics1-580x375.jpg 580w, https:\/\/plaza54.com\/pagina\/wp-content\/uploads\/2018\/08\/maniacomics1-1160x750.jpg 1160w\" sizes=\"auto, (max-width: 580px) 100vw, 580px\" \/><\/a><\/figure><\/li><li class=\"cmsmasters_gallery_item\"><figure><a href=\"https:\/\/plaza54.com\/pagina\/wp-content\/uploads\/2019\/01\/maniacomics2.jpg\" rel=\"ilightbox[6a0904970837a]\"><img loading=\"lazy\" decoding=\"async\" width=\"580\" height=\"375\" src=\"https:\/\/plaza54.com\/pagina\/wp-content\/uploads\/2019\/01\/maniacomics2-580x375.jpg\" class=\"attachment-blog-masonry-thumb size-blog-masonry-thumb\" alt=\"\" srcset=\"https:\/\/plaza54.com\/pagina\/wp-content\/uploads\/2019\/01\/maniacomics2-580x375.jpg 580w, https:\/\/plaza54.com\/pagina\/wp-content\/uploads\/2019\/01\/maniacomics2-1160x750.jpg 1160w\" sizes=\"auto, (max-width: 580px) 100vw, 580px\" \/><\/a><\/figure><\/li><li class=\"cmsmasters_gallery_item\"><figure><a href=\"https:\/\/plaza54.com\/pagina\/wp-content\/uploads\/2019\/01\/maniacomics3.jpg\" rel=\"ilightbox[6a0904970837a]\"><img loading=\"lazy\" decoding=\"async\" width=\"580\" height=\"375\" src=\"https:\/\/plaza54.com\/pagina\/wp-content\/uploads\/2019\/01\/maniacomics3-580x375.jpg\" class=\"attachment-blog-masonry-thumb size-blog-masonry-thumb\" alt=\"\" srcset=\"https:\/\/plaza54.com\/pagina\/wp-content\/uploads\/2019\/01\/maniacomics3-580x375.jpg 580w, https:\/\/plaza54.com\/pagina\/wp-content\/uploads\/2019\/01\/maniacomics3-1160x750.jpg 1160w\" sizes=\"auto, (max-width: 580px) 100vw, 580px\" \/><\/a><\/figure><\/li><\/ul><script type=\"text\/javascript\">\r\n\t\t\t\tjQuery(document).ready(function () {\r\n\t\t\t\t\t(function ($) {\r\n\t\t\t\t\t\tif ($('#cmsmasters_gallery_6a0904970837a').find('.cmsmasters_gallery_item').length == '0') {\r\n\t\t\t\t\t\t\treturn false;\r\n\t\t\t\t\t\t}\r\n\t\t\t\t\t\t\r\n\t\t\t\t\t\t\r\n\t\t\t\t\t\tstartGallery( \r\n\t\t\t\t\t\t\t'6a0904970837a', \r\n\t\t\t\t\t\t\t'grid', \r\n\t\t\t\t\t\t\t'false', \r\n\t\t\t\t\t\t\t'false' \r\n\t\t\t\t\t\t);\r\n\t\t\t\t\t} )(jQuery);\r\n\t\t\t\t} );\r\n\t\t\t<\/script>\r\n\t\t\t<\/div>\n<\/div>\n<\/div>\n<\/div>\n<\/div>\n<\/div>\n<\/div>\n\n","protected":false},"excerpt":{"rendered":"","protected":false},"author":1,"featured_media":0,"parent":0,"menu_order":0,"comment_status":"closed","ping_status":"closed","template":"","meta":{"footnotes":""},"class_list":["post-9619","page","type-page","status-publish","hentry"],"_links":{"self":[{"href":"https:\/\/plaza54.com\/pagina\/wp-json\/wp\/v2\/pages\/9619","targetHints":{"allow":["GET"]}}],"collection":[{"href":"https:\/\/plaza54.com\/pagina\/wp-json\/wp\/v2\/pages"}],"about":[{"href":"https:\/\/plaza54.com\/pagina\/wp-json\/wp\/v2\/types\/page"}],"author":[{"embeddable":true,"href":"https:\/\/plaza54.com\/pagina\/wp-json\/wp\/v2\/users\/1"}],"replies":[{"embeddable":true,"href":"https:\/\/plaza54.com\/pagina\/wp-json\/wp\/v2\/comments?post=9619"}],"version-history":[{"count":10,"href":"https:\/\/plaza54.com\/pagina\/wp-json\/wp\/v2\/pages\/9619\/revisions"}],"predecessor-version":[{"id":10716,"href":"https:\/\/plaza54.com\/pagina\/wp-json\/wp\/v2\/pages\/9619\/revisions\/10716"}],"wp:attachment":[{"href":"https:\/\/plaza54.com\/pagina\/wp-json\/wp\/v2\/media?parent=9619"}],"curies":[{"name":"wp","href":"https:\/\/api.w.org\/{rel}","templated":true}]}}