{"id":9924,"date":"2018-08-27T14:13:05","date_gmt":"2018-08-27T14:13:05","guid":{"rendered":"http:\/\/plaza54.com\/pagina\/?page_id=9924"},"modified":"2019-01-04T09:25:17","modified_gmt":"2019-01-04T09:25:17","slug":"bodytech","status":"publish","type":"page","link":"https:\/\/plaza54.com\/pagina\/bodytech\/","title":{"rendered":"Bodytech"},"content":{"rendered":"<style type=\"text\/css\"> \n#cmsmasters_row_6a08f9b6aef92 .cmsmasters_row_outer_parent { \n\tpadding-top: 50px; \n} \n\n#cmsmasters_row_6a08f9b6aef92 .cmsmasters_row_outer_parent { \n\tpadding-bottom: 55px; \n} \n\n \n#cmsmasters_heading_6a08f9b6af233 { \n\ttext-align:left; \n\tmargin-top:45px; \n\tmargin-bottom:10px; \n} \n\n#cmsmasters_heading_6a08f9b6af233 .cmsmasters_heading { \n\ttext-align:left; \n} \n\n#cmsmasters_heading_6a08f9b6af233 .cmsmasters_heading, #cmsmasters_heading_6a08f9b6af233 .cmsmasters_heading a { \n\tfont-weight:700; \n\tfont-style:normal; \n} \n\n#cmsmasters_heading_6a08f9b6af233 .cmsmasters_heading_divider { \n} \n\n \n#cmsmasters_heading_6a08f9b6af251 { \n\ttext-align:left; \n\tmargin-top:0px; \n\tmargin-bottom:30px; \n} \n\n#cmsmasters_heading_6a08f9b6af251 .cmsmasters_heading { \n\ttext-align:left; \n} \n\n#cmsmasters_heading_6a08f9b6af251 .cmsmasters_heading, #cmsmasters_heading_6a08f9b6af251 .cmsmasters_heading a { \n\tfont-weight:normal; \n\tfont-style:normal; \n} \n\n#cmsmasters_heading_6a08f9b6af251 .cmsmasters_heading_divider { \n} \n\n \n#cmsmasters_heading_6a08f9b6af268 { \n\ttext-align:left; \n\tmargin-top:0px; \n\tmargin-bottom:30px; \n} \n\n#cmsmasters_heading_6a08f9b6af268 .cmsmasters_heading { \n\ttext-align:left; \n} \n\n#cmsmasters_heading_6a08f9b6af268 .cmsmasters_heading, #cmsmasters_heading_6a08f9b6af268 .cmsmasters_heading a { \n\tfont-weight:normal; \n\tfont-style:normal; \n} \n\n#cmsmasters_heading_6a08f9b6af268 .cmsmasters_heading_divider { \n} \n\n \n#cmsmasters_heading_6a08f9b6af27d { \n\ttext-align:left; \n\tmargin-top:0px; \n\tmargin-bottom:10px; \n} \n\n#cmsmasters_heading_6a08f9b6af27d .cmsmasters_heading { \n\ttext-align:left; \n} \n\n#cmsmasters_heading_6a08f9b6af27d .cmsmasters_heading, #cmsmasters_heading_6a08f9b6af27d .cmsmasters_heading a { \n\tfont-weight:700; \n\tfont-style:normal; \n} \n\n#cmsmasters_heading_6a08f9b6af27d .cmsmasters_heading_divider { \n} \n\n \n#cmsmasters_heading_6a08f9b6af290 { \n\ttext-align:left; \n\tmargin-top:0px; \n\tmargin-bottom:30px; \n} \n\n#cmsmasters_heading_6a08f9b6af290 .cmsmasters_heading { \n\ttext-align:left; \n} \n\n#cmsmasters_heading_6a08f9b6af290 .cmsmasters_heading, #cmsmasters_heading_6a08f9b6af290 .cmsmasters_heading a { \n\tfont-weight:normal; \n\tfont-style:normal; \n} \n\n#cmsmasters_heading_6a08f9b6af290 .cmsmasters_heading_divider { \n} \n\n \n#cmsmasters_heading_6a08f9b6af2a3 { \n\ttext-align:left; \n\tmargin-top:0px; \n\tmargin-bottom:10px; \n} \n\n#cmsmasters_heading_6a08f9b6af2a3 .cmsmasters_heading { \n\ttext-align:left; \n} \n\n#cmsmasters_heading_6a08f9b6af2a3 .cmsmasters_heading, #cmsmasters_heading_6a08f9b6af2a3 .cmsmasters_heading a { \n\tfont-weight:700; \n\tfont-style:normal; \n} \n\n#cmsmasters_heading_6a08f9b6af2a3 .cmsmasters_heading_divider { \n} \n\n \n#cmsmasters_heading_6a08f9b6af2ca { \n\ttext-align:left; \n\tmargin-top:0px; \n\tmargin-bottom:50px; \n} \n\n#cmsmasters_heading_6a08f9b6af2ca .cmsmasters_heading { \n\ttext-align:left; \n} \n\n#cmsmasters_heading_6a08f9b6af2ca .cmsmasters_heading, #cmsmasters_heading_6a08f9b6af2ca .cmsmasters_heading a { \n\tfont-weight:normal; \n\tfont-style:normal; \n} \n\n#cmsmasters_heading_6a08f9b6af2ca .cmsmasters_heading_divider { \n} \n\n \n#cmsmasters_heading_6a08f9b6af35b { \n\ttext-align:center; \n\tmargin-top:0px; \n\tmargin-bottom:20px; \n} \n\n#cmsmasters_heading_6a08f9b6af35b .cmsmasters_heading { \n\ttext-align:center; \n} \n\n#cmsmasters_heading_6a08f9b6af35b .cmsmasters_heading, #cmsmasters_heading_6a08f9b6af35b .cmsmasters_heading a { \n\tfont-weight:normal; \n\tfont-style:normal; \n} \n\n#cmsmasters_heading_6a08f9b6af35b .cmsmasters_heading_divider { \n} \n\n \n#cmsmasters_divider_6a08f9b6af376 { \n\tborder-bottom-width:1px; \n\tborder-bottom-style:solid; \n\tpadding-top:0px; \n\tmargin-bottom:30px; \n} \n \n#cmsmasters_divider_6a08f9b6af3b9 { \n\tborder-bottom-width:0px; \n\tborder-bottom-style:solid; \n\tpadding-top:0px; \n\tmargin-bottom:20px; \n} \n\r\n\t\t\t\t#cmsmasters_gallery_6a08f9b6af3d2 .cmsmasters_gallery {\r\n\t\t\t\t\tmargin:0 0 0 -15px;\r\n\t\t\t\t}\r\n\t\t\t\t\r\n\t\t\t\t#cmsmasters_gallery_6a08f9b6af3d2 .cmsmasters_gallery .cmsmasters_gallery_item {\r\n\t\t\t\t\tpadding:0 0 15px 15px;\r\n\t\t\t\t}\r\n\t\t\t<\/style><div id=\"cmsmasters_row_6a08f9b6aef92\" class=\"cmsmasters_row cmsmasters_color_scheme_default cmsmasters_row_top_default cmsmasters_row_bot_default cmsmasters_row_boxed\">\n<div class=\"cmsmasters_row_outer_parent\">\n<div class=\"cmsmasters_row_outer\">\n<div class=\"cmsmasters_row_inner\">\n<div class=\"cmsmasters_row_margin\">\n<div class=\"cmsmasters_column one_fourth\">\n<div class=\"aligncenter\">\n<div class=\"cmsmasters_img  cmsmasters_image_c\">\n<img decoding=\"async\" src=\"https:\/\/plaza54.com\/pagina\/wp-content\/uploads\/2018\/08\/bodytech-1.jpg\" alt=\"\" \/>\n<\/div>\n<\/div>\n\n<div id=\"cmsmasters_heading_6a08f9b6af233\" class=\"cmsmasters_heading_wrap cmsmasters_heading_align_left\">\n\t<h3 class=\"cmsmasters_heading\">Horario<\/h3>\n<\/div>\n<div id=\"cmsmasters_heading_6a08f9b6af251\" class=\"cmsmasters_heading_wrap cmsmasters_heading_align_left\">\n\t<h6 class=\"cmsmasters_heading\">Lunes a Viernes: 6:00 am a 7:00 pm<\/h6>\n<\/div>\n<div id=\"cmsmasters_heading_6a08f9b6af268\" class=\"cmsmasters_heading_wrap cmsmasters_heading_align_left\">\n\t<h6 class=\"cmsmasters_heading\">S\u00e1bados: 7:00 am a 4:00 pm<\/h6>\n<\/div>\n<div id=\"cmsmasters_heading_6a08f9b6af27d\" class=\"cmsmasters_heading_wrap cmsmasters_heading_align_left\">\n\t<h3 class=\"cmsmasters_heading\">Contacto<\/h3>\n<\/div>\n<div id=\"cmsmasters_heading_6a08f9b6af290\" class=\"cmsmasters_heading_wrap cmsmasters_heading_align_left\">\n\t<h6 class=\"cmsmasters_heading\">7422639<\/h6>\n<\/div>\n<div id=\"cmsmasters_heading_6a08f9b6af2a3\" class=\"cmsmasters_heading_wrap cmsmasters_heading_align_left\">\n\t<h3 class=\"cmsmasters_heading\">P\u00e1gina Web<\/h3>\n<\/div>\n<div id=\"cmsmasters_heading_6a08f9b6af2ca\" class=\"cmsmasters_heading_wrap cmsmasters_heading_align_left\">\n\t<h6 class=\"cmsmasters_heading\"><a href=\"https:\/\/www.bodytech.com.co\/\">www.bodytech.com.co<\/a><\/h6>\n<\/div>\n<\/div>\n<div class=\"cmsmasters_column three_fourth\">\n\n<div id=\"cmsmasters_heading_6a08f9b6af35b\" class=\"cmsmasters_heading_wrap cmsmasters_heading_align_center\">\n\t<h2 class=\"cmsmasters_heading\">Bodytech &#8211; Piso 6<\/h2>\n<\/div>\n\n<div id=\"cmsmasters_divider_6a08f9b6af376\" class=\"cmsmasters_divider cmsmasters_divider_width_long cmsmasters_divider_pos_center\"><\/div>\n<div class=\"cmsmasters_text\">\n<p>Esta nueva sede de categor\u00eda CLASSIC PLUS, cuenta con cientos de metros cuadrados de espacios de entrenamiento especialmente dise\u00f1ados con tecnolog\u00eda y equipos de entrenamiento, as\u00ed como una terraza con una vista incre\u00edble de la ciudad.<\/p>\n<p>La sede tiene los servicios de evaluaci\u00f3n m\u00e9dica, fisioterapia, nutrici\u00f3n, \u00e1rea de musculaci\u00f3n, entrenamiento cardiovascular, estiramiento, salones de indoor cycling y clases grupales, y zonas h\u00famedas; servicios que marcan la diferencia y que se enfocan en que los afiliados alcancen sus objetivos de manera r\u00e1pida y optima mientras se divierten.<\/p>\n<p>Al ser una sede de categor\u00eda CLASSIC PLUS, los afiliados de categor\u00edas CLASSIC PLUS, PREMIUM, ONE, ONE PLUS, PLATINO y PLATINO PLUS, pueden ingresar y disfrutar de sus nuevas \u00e1reas de entrenamiento.<\/p>\n<\/div>\n\n<div id=\"cmsmasters_divider_6a08f9b6af3b9\" class=\"cl\"><\/div>\n<div id=\"cmsmasters_gallery_6a08f9b6af3d2\" class=\"cmsmasters_gallery_wrap\"><ul class=\"cmsmasters_gallery cmsmasters_3 cmsmasters_more_items_loader\"><li class=\"cmsmasters_gallery_item\"><figure><a href=\"https:\/\/plaza54.com\/pagina\/wp-content\/uploads\/2018\/08\/bodytech1.jpg\" rel=\"ilightbox[6a08f9b6af3d2]\"><img loading=\"lazy\" decoding=\"async\" width=\"580\" height=\"375\" src=\"https:\/\/plaza54.com\/pagina\/wp-content\/uploads\/2018\/08\/bodytech1-580x375.jpg\" class=\"attachment-blog-masonry-thumb size-blog-masonry-thumb\" alt=\"\" srcset=\"https:\/\/plaza54.com\/pagina\/wp-content\/uploads\/2018\/08\/bodytech1-580x375.jpg 580w, https:\/\/plaza54.com\/pagina\/wp-content\/uploads\/2018\/08\/bodytech1-1160x750.jpg 1160w\" sizes=\"auto, (max-width: 580px) 100vw, 580px\" \/><\/a><\/figure><\/li><li class=\"cmsmasters_gallery_item\"><figure><a href=\"https:\/\/plaza54.com\/pagina\/wp-content\/uploads\/2018\/08\/bodytech2.jpg\" rel=\"ilightbox[6a08f9b6af3d2]\"><img loading=\"lazy\" decoding=\"async\" width=\"580\" height=\"375\" src=\"https:\/\/plaza54.com\/pagina\/wp-content\/uploads\/2018\/08\/bodytech2-580x375.jpg\" class=\"attachment-blog-masonry-thumb size-blog-masonry-thumb\" alt=\"\" srcset=\"https:\/\/plaza54.com\/pagina\/wp-content\/uploads\/2018\/08\/bodytech2-580x375.jpg 580w, https:\/\/plaza54.com\/pagina\/wp-content\/uploads\/2018\/08\/bodytech2-1160x750.jpg 1160w\" sizes=\"auto, (max-width: 580px) 100vw, 580px\" \/><\/a><\/figure><\/li><li class=\"cmsmasters_gallery_item\"><figure><a href=\"https:\/\/plaza54.com\/pagina\/wp-content\/uploads\/2018\/08\/bodytech3.jpg\" rel=\"ilightbox[6a08f9b6af3d2]\"><img loading=\"lazy\" decoding=\"async\" width=\"580\" height=\"375\" src=\"https:\/\/plaza54.com\/pagina\/wp-content\/uploads\/2018\/08\/bodytech3-580x375.jpg\" class=\"attachment-blog-masonry-thumb size-blog-masonry-thumb\" alt=\"\" srcset=\"https:\/\/plaza54.com\/pagina\/wp-content\/uploads\/2018\/08\/bodytech3-580x375.jpg 580w, https:\/\/plaza54.com\/pagina\/wp-content\/uploads\/2018\/08\/bodytech3-1160x750.jpg 1160w\" sizes=\"auto, (max-width: 580px) 100vw, 580px\" \/><\/a><\/figure><\/li><\/ul><script type=\"text\/javascript\">\r\n\t\t\t\tjQuery(document).ready(function () {\r\n\t\t\t\t\t(function ($) {\r\n\t\t\t\t\t\tif ($('#cmsmasters_gallery_6a08f9b6af3d2').find('.cmsmasters_gallery_item').length == '0') {\r\n\t\t\t\t\t\t\treturn false;\r\n\t\t\t\t\t\t}\r\n\t\t\t\t\t\t\r\n\t\t\t\t\t\t\r\n\t\t\t\t\t\tstartGallery( \r\n\t\t\t\t\t\t\t'6a08f9b6af3d2', \r\n\t\t\t\t\t\t\t'grid', \r\n\t\t\t\t\t\t\t'false', \r\n\t\t\t\t\t\t\t'false' \r\n\t\t\t\t\t\t);\r\n\t\t\t\t\t} )(jQuery);\r\n\t\t\t\t} );\r\n\t\t\t<\/script>\r\n\t\t\t<\/div>\n<\/div>\n<\/div>\n<\/div>\n<\/div>\n<\/div>\n<\/div>\n\n","protected":false},"excerpt":{"rendered":"","protected":false},"author":1,"featured_media":0,"parent":0,"menu_order":0,"comment_status":"closed","ping_status":"closed","template":"","meta":{"footnotes":""},"class_list":["post-9924","page","type-page","status-publish","hentry"],"_links":{"self":[{"href":"https:\/\/plaza54.com\/pagina\/wp-json\/wp\/v2\/pages\/9924","targetHints":{"allow":["GET"]}}],"collection":[{"href":"https:\/\/plaza54.com\/pagina\/wp-json\/wp\/v2\/pages"}],"about":[{"href":"https:\/\/plaza54.com\/pagina\/wp-json\/wp\/v2\/types\/page"}],"author":[{"embeddable":true,"href":"https:\/\/plaza54.com\/pagina\/wp-json\/wp\/v2\/users\/1"}],"replies":[{"embeddable":true,"href":"https:\/\/plaza54.com\/pagina\/wp-json\/wp\/v2\/comments?post=9924"}],"version-history":[{"count":10,"href":"https:\/\/plaza54.com\/pagina\/wp-json\/wp\/v2\/pages\/9924\/revisions"}],"predecessor-version":[{"id":10662,"href":"https:\/\/plaza54.com\/pagina\/wp-json\/wp\/v2\/pages\/9924\/revisions\/10662"}],"wp:attachment":[{"href":"https:\/\/plaza54.com\/pagina\/wp-json\/wp\/v2\/media?parent=9924"}],"curies":[{"name":"wp","href":"https:\/\/api.w.org\/{rel}","templated":true}]}}